{"id":6546,"date":"2021-10-29T17:59:13","date_gmt":"2021-10-29T16:59:13","guid":{"rendered":"https:\/\/www.siegfriedhagl.com\/?page_id=6546"},"modified":"2021-11-01T13:30:59","modified_gmt":"2021-11-01T12:30:59","slug":"haftungsausschluss","status":"publish","type":"page","link":"https:\/\/www.siegfriedhagl.com\/it\/disclaimer\/","title":{"rendered":"Disclaimer"},"content":{"rendered":"<h1 class=\"wp-block-heading\">Disclaimer - informazioni legali<\/h1>\n\n\n\n<p><strong>1. Limitazione di responsabilit\u00e0<\/strong><br>I contenuti del sito web sono stati creati con la massima cura possibile e al meglio delle nostre conoscenze. Tuttavia, il fornitore di questo sito Web non si assume alcuna responsabilit\u00e0 per l&#039;attualit\u00e0, la completezza e la correttezza delle pagine e dei contenuti forniti.<\/p>\n\n\n\n<p>In qualit\u00e0 di fornitore di servizi, il fornitore di questo sito Web \u00e8 responsabile dei propri contenuti e delle informazioni fornite su queste pagine ai sensi dell&#039;articolo 7 (1) TMG; ai sensi dei \u00a7\u00a7 da 8 a 10 TMG, tuttavia, non \u00e8 obbligato a monitorare le informazioni di terzi trasmesse o memorizzate. La rimozione o il blocco di questo contenuto avviene immediatamente dal momento della conoscenza di una specifica violazione di legge. La responsabilit\u00e0 \u00e8 possibile solo dal momento in cui si acquisisce la conoscenza.<\/p>\n\n\n\n<p><strong>2. Collegamenti esterni<\/strong><br>Il sito Web contiene i cosiddetti &quot;link esterni&quot; (link) ad altri siti Web sui cui contenuti il fornitore del sito Web non ha alcuna influenza. Per questo motivo, il provider non pu\u00f2 assumersi alcuna responsabilit\u00e0 per questo contenuto.<br>Il rispettivo fornitore del sito Web collegato \u00e8 responsabile del contenuto e della correttezza delle informazioni fornite. Al momento del collegamento non erano riconoscibili violazioni. Dopo la notifica di tale violazione, il collegamento verr\u00e0 rimosso immediatamente.<\/p>\n\n\n\n<p><strong>3. Diritto d&#039;autore\/diritto d&#039;autore ausiliario<\/strong><br>Il contenuto, le opere e le informazioni fornite su questo sito Web sono soggetti al diritto d&#039;autore tedesco e alle leggi accessorie sul diritto d&#039;autore. Qualsiasi tipo di duplicazione, elaborazione, distribuzione, conservazione e qualsiasi tipo di sfruttamento al di fuori dei limiti del diritto d&#039;autore richiede il preventivo consenso scritto del rispettivo titolare del diritto d&#039;autore. La copia\/salvataggio non autorizzata delle informazioni fornite su questo sito Web non \u00e8 consentita ed \u00e8 punibile dalla legge.<\/p>\n\n\n\n<p><strong>4. Privacy<\/strong><br>Visitando il sito web, le informazioni (data, ora, pagina visitata) relative all&#039;accesso possono essere memorizzate sul server. Nessun dato personale (es. nome, indirizzo o indirizzo e-mail) viene memorizzato.<\/p>\n\n\n\n<p>Se vengono raccolti dati personali, ci\u00f2 avviene, se possibile, solo previo consenso dell&#039;utente del sito web. I dati non saranno ceduti a terzi senza l&#039;espresso consenso dell&#039;utente.<\/p>\n\n\n\n<p>Il provider sottolinea che la trasmissione di dati su Internet (ad es. tramite e-mail) presenta lacune di sicurezza e che non \u00e8 possibile garantire una protezione completa dei dati dall&#039;accesso di terzi. Il provider non si assume alcuna responsabilit\u00e0 per danni causati da tali lacune di sicurezza.<\/p>\n\n\n\n<p>L&#039;utilizzo dei dati di contatto da parte di terzi per uso commerciale \u00e8 espressamente vietato. A meno che il fornitore non abbia dato il suo previo consenso scritto.<br><br>Il fornitore si riserva il diritto di intraprendere un&#039;azione legale in caso di invio di pubblicit\u00e0 non richiesta, ad es. B. tramite e-mail di spam.<br><br><strong>fonte<\/strong>: <a href=\"http:\/\/www.mustervorlage.net\/disclaimer-muster\/\" target=\"_blank\" rel=\"noreferrer noopener\">Esempio di esonero di responsabilit\u00e0<\/a><\/p>","protected":false},"excerpt":{"rendered":"<p>Disclaimer \u2013 rechtliche Hinweise 1. Haftungsbeschr\u00e4nkungDie Inhalte des Internetauftritts wurden mit gr\u00f6\u00dftm\u00f6glicher Sorgfalt und nach bestem Gewissen erstellt. Dennoch \u00fcbernimmt der Anbieter dieser Webseite keine Gew\u00e4hr f\u00fcr die Aktualit\u00e4t, Vollst\u00e4ndigkeit und Richtigkeit der bereitgestellten Seiten und Inhalte. Als Diensteanbieter ist der Anbieter dieser Webseite gem\u00e4\u00df \u00a7 7 Abs. 1 TMG f\u00fcr eigene Inhalte und bereitgestellte [&hellip;]<\/p>\n","protected":false},"author":1,"featured_media":0,"parent":0,"menu_order":0,"comment_status":"closed","ping_status":"closed","template":"templates\/template-full-width.php","meta":{"footnotes":""},"class_list":["post-6546","page","type-page","status-publish","hentry"],"yoast_head":"<!-- This site is optimized with the Yoast SEO plugin v27.4 - https:\/\/yoast.com\/product\/yoast-seo-wordpress\/ -->\n<title>Haftungsausschluss &#8211; SiegfriedHagl.com<\/title>\n<meta name=\"robots\" content=\"index, follow, max-snippet:-1, max-image-preview:large, max-video-preview:-1\" \/>\n<link rel=\"canonical\" href=\"https:\/\/www.siegfriedhagl.com\/it\/disclaimer\/\" \/>\n<meta property=\"og:locale\" content=\"it_IT\" \/>\n<meta property=\"og:type\" content=\"article\" \/>\n<meta property=\"og:title\" content=\"Haftungsausschluss &#8211; SiegfriedHagl.com\" \/>\n<meta property=\"og:description\" content=\"Disclaimer \u2013 rechtliche Hinweise 1. Haftungsbeschr\u00e4nkungDie Inhalte des Internetauftritts wurden mit gr\u00f6\u00dftm\u00f6glicher Sorgfalt und nach bestem Gewissen erstellt. Dennoch \u00fcbernimmt der Anbieter dieser Webseite keine Gew\u00e4hr f\u00fcr die Aktualit\u00e4t, Vollst\u00e4ndigkeit und Richtigkeit der bereitgestellten Seiten und Inhalte. Als Diensteanbieter ist der Anbieter dieser Webseite gem\u00e4\u00df \u00a7 7 Abs. 1 TMG f\u00fcr eigene Inhalte und bereitgestellte [&hellip;]\" \/>\n<meta property=\"og:url\" content=\"https:\/\/www.siegfriedhagl.com\/it\/disclaimer\/\" \/>\n<meta property=\"og:site_name\" content=\"SiegfriedHagl.com\" \/>\n<meta property=\"article:modified_time\" content=\"2021-11-01T12:30:59+00:00\" \/>\n<meta name=\"twitter:card\" content=\"summary_large_image\" \/>\n<meta name=\"twitter:label1\" content=\"Tempo di lettura stimato\" \/>\n\t<meta name=\"twitter:data1\" content=\"2 minuti\" \/>\n<script type=\"application\/ld+json\" class=\"yoast-schema-graph\">{\"@context\":\"https:\\\/\\\/schema.org\",\"@graph\":[{\"@type\":\"WebPage\",\"@id\":\"https:\\\/\\\/www.siegfriedhagl.com\\\/haftungsausschluss\\\/\",\"url\":\"https:\\\/\\\/www.siegfriedhagl.com\\\/haftungsausschluss\\\/\",\"name\":\"Haftungsausschluss &#8211; SiegfriedHagl.com\",\"isPartOf\":{\"@id\":\"https:\\\/\\\/www.siegfriedhagl.com\\\/#website\"},\"datePublished\":\"2021-10-29T16:59:13+00:00\",\"dateModified\":\"2021-11-01T12:30:59+00:00\",\"breadcrumb\":{\"@id\":\"https:\\\/\\\/www.siegfriedhagl.com\\\/haftungsausschluss\\\/#breadcrumb\"},\"inLanguage\":\"it-IT\",\"potentialAction\":[{\"@type\":\"ReadAction\",\"target\":[\"https:\\\/\\\/www.siegfriedhagl.com\\\/haftungsausschluss\\\/\"]}]},{\"@type\":\"BreadcrumbList\",\"@id\":\"https:\\\/\\\/www.siegfriedhagl.com\\\/haftungsausschluss\\\/#breadcrumb\",\"itemListElement\":[{\"@type\":\"ListItem\",\"position\":1,\"name\":\"Startseite\",\"item\":\"https:\\\/\\\/www.siegfriedhagl.com\\\/\"},{\"@type\":\"ListItem\",\"position\":2,\"name\":\"Haftungsausschluss\"}]},{\"@type\":\"WebSite\",\"@id\":\"https:\\\/\\\/www.siegfriedhagl.com\\\/#website\",\"url\":\"https:\\\/\\\/www.siegfriedhagl.com\\\/\",\"name\":\"SiegfriedHagl.com\",\"description\":\"Artikel und Blog von Siegfried Hagl\",\"publisher\":{\"@id\":\"https:\\\/\\\/www.siegfriedhagl.com\\\/#\\\/schema\\\/person\\\/263c4a916fa13b3e7eda58f6c8c2695f\"},\"potentialAction\":[{\"@type\":\"SearchAction\",\"target\":{\"@type\":\"EntryPoint\",\"urlTemplate\":\"https:\\\/\\\/www.siegfriedhagl.com\\\/?s={search_term_string}\"},\"query-input\":{\"@type\":\"PropertyValueSpecification\",\"valueRequired\":true,\"valueName\":\"search_term_string\"}}],\"inLanguage\":\"it-IT\"},{\"@type\":[\"Person\",\"Organization\"],\"@id\":\"https:\\\/\\\/www.siegfriedhagl.com\\\/#\\\/schema\\\/person\\\/263c4a916fa13b3e7eda58f6c8c2695f\",\"name\":\"siegfriedhagl\",\"image\":{\"@type\":\"ImageObject\",\"inLanguage\":\"it-IT\",\"@id\":\"https:\\\/\\\/secure.gravatar.com\\\/avatar\\\/45b010d0734a07d6fa163753be02d78684ff4128f419d6ee0a0370de54233f1c?s=96&d=mm&r=g\",\"url\":\"https:\\\/\\\/secure.gravatar.com\\\/avatar\\\/45b010d0734a07d6fa163753be02d78684ff4128f419d6ee0a0370de54233f1c?s=96&d=mm&r=g\",\"contentUrl\":\"https:\\\/\\\/secure.gravatar.com\\\/avatar\\\/45b010d0734a07d6fa163753be02d78684ff4128f419d6ee0a0370de54233f1c?s=96&d=mm&r=g\",\"caption\":\"siegfriedhagl\"},\"logo\":{\"@id\":\"https:\\\/\\\/secure.gravatar.com\\\/avatar\\\/45b010d0734a07d6fa163753be02d78684ff4128f419d6ee0a0370de54233f1c?s=96&d=mm&r=g\"},\"sameAs\":[\"http:\\\/\\\/www.hagl.net\"]}]}<\/script>\n<!-- \/ Yoast SEO plugin. -->","yoast_head_json":{"title":"Disclaimer - SiegfriedHagl.com","robots":{"index":"index","follow":"follow","max-snippet":"max-snippet:-1","max-image-preview":"max-image-preview:large","max-video-preview":"max-video-preview:-1"},"canonical":"https:\/\/www.siegfriedhagl.com\/it\/disclaimer\/","og_locale":"it_IT","og_type":"article","og_title":"Haftungsausschluss &#8211; SiegfriedHagl.com","og_description":"Disclaimer \u2013 rechtliche Hinweise 1. Haftungsbeschr\u00e4nkungDie Inhalte des Internetauftritts wurden mit gr\u00f6\u00dftm\u00f6glicher Sorgfalt und nach bestem Gewissen erstellt. Dennoch \u00fcbernimmt der Anbieter dieser Webseite keine Gew\u00e4hr f\u00fcr die Aktualit\u00e4t, Vollst\u00e4ndigkeit und Richtigkeit der bereitgestellten Seiten und Inhalte. Als Diensteanbieter ist der Anbieter dieser Webseite gem\u00e4\u00df \u00a7 7 Abs. 1 TMG f\u00fcr eigene Inhalte und bereitgestellte [&hellip;]","og_url":"https:\/\/www.siegfriedhagl.com\/it\/disclaimer\/","og_site_name":"SiegfriedHagl.com","article_modified_time":"2021-11-01T12:30:59+00:00","twitter_card":"summary_large_image","twitter_misc":{"Tempo di lettura stimato":"2 minuti"},"schema":{"@context":"https:\/\/schema.org","@graph":[{"@type":"WebPage","@id":"https:\/\/www.siegfriedhagl.com\/haftungsausschluss\/","url":"https:\/\/www.siegfriedhagl.com\/haftungsausschluss\/","name":"Disclaimer - SiegfriedHagl.com","isPartOf":{"@id":"https:\/\/www.siegfriedhagl.com\/#website"},"datePublished":"2021-10-29T16:59:13+00:00","dateModified":"2021-11-01T12:30:59+00:00","breadcrumb":{"@id":"https:\/\/www.siegfriedhagl.com\/haftungsausschluss\/#breadcrumb"},"inLanguage":"it-IT","potentialAction":[{"@type":"ReadAction","target":["https:\/\/www.siegfriedhagl.com\/haftungsausschluss\/"]}]},{"@type":"BreadcrumbList","@id":"https:\/\/www.siegfriedhagl.com\/haftungsausschluss\/#breadcrumb","itemListElement":[{"@type":"ListItem","position":1,"name":"Startseite","item":"https:\/\/www.siegfriedhagl.com\/"},{"@type":"ListItem","position":2,"name":"Haftungsausschluss"}]},{"@type":"WebSite","@id":"https:\/\/www.siegfriedhagl.com\/#website","url":"https:\/\/www.siegfriedhagl.com\/","name":"SiegfriedHagl.com","description":"Articolo e blog di Siegfried Hagl","publisher":{"@id":"https:\/\/www.siegfriedhagl.com\/#\/schema\/person\/263c4a916fa13b3e7eda58f6c8c2695f"},"potentialAction":[{"@type":"SearchAction","target":{"@type":"EntryPoint","urlTemplate":"https:\/\/www.siegfriedhagl.com\/?s={search_term_string}"},"query-input":{"@type":"PropertyValueSpecification","valueRequired":true,"valueName":"search_term_string"}}],"inLanguage":"it-IT"},{"@type":["Person","Organization"],"@id":"https:\/\/www.siegfriedhagl.com\/#\/schema\/person\/263c4a916fa13b3e7eda58f6c8c2695f","name":"siegfriedhagl","image":{"@type":"ImageObject","inLanguage":"it-IT","@id":"https:\/\/secure.gravatar.com\/avatar\/45b010d0734a07d6fa163753be02d78684ff4128f419d6ee0a0370de54233f1c?s=96&d=mm&r=g","url":"https:\/\/secure.gravatar.com\/avatar\/45b010d0734a07d6fa163753be02d78684ff4128f419d6ee0a0370de54233f1c?s=96&d=mm&r=g","contentUrl":"https:\/\/secure.gravatar.com\/avatar\/45b010d0734a07d6fa163753be02d78684ff4128f419d6ee0a0370de54233f1c?s=96&d=mm&r=g","caption":"siegfriedhagl"},"logo":{"@id":"https:\/\/secure.gravatar.com\/avatar\/45b010d0734a07d6fa163753be02d78684ff4128f419d6ee0a0370de54233f1c?s=96&d=mm&r=g"},"sameAs":["http:\/\/www.hagl.net"]}]}},"_links":{"self":[{"href":"https:\/\/www.siegfriedhagl.com\/it\/wp-json\/wp\/v2\/pages\/6546","targetHints":{"allow":["GET"]}}],"collection":[{"href":"https:\/\/www.siegfriedhagl.com\/it\/wp-json\/wp\/v2\/pages"}],"about":[{"href":"https:\/\/www.siegfriedhagl.com\/it\/wp-json\/wp\/v2\/types\/page"}],"author":[{"embeddable":true,"href":"https:\/\/www.siegfriedhagl.com\/it\/wp-json\/wp\/v2\/users\/1"}],"replies":[{"embeddable":true,"href":"https:\/\/www.siegfriedhagl.com\/it\/wp-json\/wp\/v2\/comments?post=6546"}],"version-history":[{"count":1,"href":"https:\/\/www.siegfriedhagl.com\/it\/wp-json\/wp\/v2\/pages\/6546\/revisions"}],"predecessor-version":[{"id":6547,"href":"https:\/\/www.siegfriedhagl.com\/it\/wp-json\/wp\/v2\/pages\/6546\/revisions\/6547"}],"wp:attachment":[{"href":"https:\/\/www.siegfriedhagl.com\/it\/wp-json\/wp\/v2\/media?parent=6546"}],"curies":[{"name":"wp","href":"https:\/\/api.w.org\/{rel}","templated":true}]}}