{"id":2,"date":"2008-12-23T19:55:36","date_gmt":"2008-12-23T18:55:36","guid":{"rendered":"https:\/\/www.siegfriedhagl.com\/?page_id=2"},"modified":"2021-11-01T13:30:59","modified_gmt":"2021-11-01T12:30:59","slug":"impressum","status":"publish","type":"page","link":"https:\/\/www.siegfriedhagl.com\/it\/impronta\/","title":{"rendered":"impronta"},"content":{"rendered":"<h2 class=\"wp-block-heading\"><strong>Secondo \u00a7 5 TMG<\/strong><\/h2>\n\n\n\n<p><strong>operatore<\/strong><br>Sigfrido Agl<br>Otilostra\u00dfe 27<br>82166 Graefelfing<\/p>\n\n\n\n<p>Tel: (089) 854 28 59<br><a rel=\"noopener\" href=\"mailto:legal@siegfriedhagl.com\" target=\"_blank\">legal@siegfriedhagl.com <\/a><\/p>\n\n\n\n<p><strong>soluzione della disputa<\/strong><\/p>\n\n\n\n<p>La Commissione Europea fornisce una piattaforma per la risoluzione delle controversie online (OS):&nbsp;<a href=\"https:\/\/ec.europa.eu\/consumers\/odr\" target=\"_blank\" rel=\"noreferrer noopener\">https:\/\/ec.europa.eu\/consumers\/odr<\/a><br>Il nostro indirizzo e-mail si trova sopra nell&#039;impronta.<\/p>\n\n\n\n<p>Non siamo disposti o obbligati a partecipare alle procedure di risoluzione delle controversie dinanzi a un collegio arbitrale dei consumatori.<\/p>\n\n\n\n<p><strong>Responsabilit\u00e0 per il contenuto<\/strong><\/p>\n\n\n\n<p>Tutti i testi sul sito sono stati attentamente controllati. In ogni caso, nessuna garanzia pu\u00f2 essere data per la correttezza, completezza e attualit\u00e0 delle informazioni.<\/p>\n\n\n\n<p>In qualit\u00e0 di fornitore di servizi, siamo responsabili dei nostri contenuti su queste pagine ai sensi dell&#039;articolo 7, paragrafo 1 della legge tedesca sui media (TMG). Ai sensi dei \u00a7\u00a7 da 8 a 10 TMG, tuttavia, noi come fornitori di servizi non siamo obbligati a monitorare le informazioni di terze parti trasmesse o memorizzate o a indagare su circostanze che indicano attivit\u00e0 illegali.<\/p>\n\n\n\n<p>Gli obblighi di rimuovere o bloccare l&#039;uso delle informazioni secondo le leggi generali rimangono inalterati. Tuttavia, la responsabilit\u00e0 al riguardo \u00e8 possibile solo dal momento in cui \u00e8 nota la conoscenza di una specifica violazione della legge. Non appena veniamo a conoscenza di eventuali violazioni della legge, rimuoveremo immediatamente questo contenuto.<\/p>\n\n\n\n<p><strong>Responsabilit\u00e0 per link<\/strong><\/p>\n\n\n\n<p><strong>Sono partiti<\/strong><br>Si desiderano link a questo sito - anche nelle pagine di approfondimento. Tuttavia, non \u00e8 consentito trasferire la finestra principale in un set di frame del link setter.<\/p>\n\n\n\n<p>I propri collegamenti a siti esterni rappresentano solo indicazioni per questi siti; Non ci identifichiamo con il contenuto dei siti collegati e non ci assumiamo alcuna responsabilit\u00e0 per essi; Se una delle pagine collegate ha contenuti discutibili o illegali, chiediamo la notifica.<\/p>\n\n\n\n<p>La nostra offerta contiene collegamenti a siti Web esterni sui quali non abbiamo alcuna influenza. Pertanto non possiamo assumerci alcuna responsabilit\u00e0 per questo contenuto esterno. Il rispettivo fornitore o gestore delle pagine \u00e8 sempre responsabile del contenuto delle pagine collegate. Le pagine collegate sono state controllate per possibili violazioni legali al momento del collegamento. Il contenuto illegale non era riconoscibile al momento del collegamento.<\/p>\n\n\n\n<p>Tuttavia, un controllo permanente del contenuto delle pagine collegate non \u00e8 ragionevole senza prove concrete di una violazione. Non appena veniamo a conoscenza di violazioni legali, rimuoveremo immediatamente tali collegamenti.<\/p>\n\n\n\n<p><strong>diritto d&#039;autore<\/strong><\/p>\n\n\n\n<p>Il contenuto e le opere di queste pagine create dagli operatori del sito sono soggetti alla legge tedesca sul diritto d&#039;autore. La duplicazione, la modifica, la distribuzione e qualsiasi tipo di sfruttamento al di fuori dei limiti del diritto d&#039;autore richiedono il consenso scritto del rispettivo autore o creatore. Download e copie di questo sito sono consentiti solo per uso privato e non commerciale.<\/p>\n\n\n\n<p>Nella misura in cui il contenuto di questo sito non \u00e8 stato creato dal gestore, vengono rispettati i diritti d&#039;autore di terzi. In particolare i contenuti di terzi sono contrassegnati come tali. Qualora doveste comunque venire a conoscenza di una violazione del diritto d&#039;autore, vi chiediamo di informarci di conseguenza. Non appena veniamo a conoscenza di violazioni legali, rimuoveremo immediatamente tali contenuti.<\/p>","protected":false},"excerpt":{"rendered":"<p>Angaben gem\u00e4\u00df \u00a7 5 TMG BetreiberSiegfried HaglOtilostra\u00dfe 2782166 Gr\u00e4felfing Tel: (089) 854 28 59legal@siegfriedhagl.com Streitschlichtung Die Europ\u00e4ische Kommission stellt eine Plattform zur Online-Streitbeilegung (OS) bereit:&nbsp;https:\/\/ec.europa.eu\/consumers\/odrUnsere E-Mail-Adresse finden Sie oben im Impressum. Wir sind nicht bereit oder verpflichtet, an Streitbeilegungsverfahren vor einer Verbraucherschlichtungsstelle teilzunehmen. Haftung f\u00fcr Inhalte S\u00e4mtliche Texte auf der Website wurden sorgf\u00e4ltig gepr\u00fcft. Dessen [&hellip;]<\/p>\n","protected":false},"author":1,"featured_media":0,"parent":0,"menu_order":900,"comment_status":"closed","ping_status":"open","template":"templates\/template-full-width.php","meta":{"footnotes":""},"class_list":["post-2","page","type-page","status-publish","hentry"],"yoast_head":"<!-- This site is optimized with the Yoast SEO plugin v27.5 - https:\/\/yoast.com\/product\/yoast-seo-wordpress\/ -->\n<title>Impressum &#8211; SiegfriedHagl.com<\/title>\n<meta name=\"robots\" content=\"index, follow, max-snippet:-1, max-image-preview:large, max-video-preview:-1\" \/>\n<link rel=\"canonical\" href=\"https:\/\/www.siegfriedhagl.com\/it\/impronta\/\" \/>\n<meta property=\"og:locale\" content=\"it_IT\" \/>\n<meta property=\"og:type\" content=\"article\" \/>\n<meta property=\"og:title\" content=\"Impressum &#8211; SiegfriedHagl.com\" \/>\n<meta property=\"og:description\" content=\"Angaben gem\u00e4\u00df \u00a7 5 TMG BetreiberSiegfried HaglOtilostra\u00dfe 2782166 Gr\u00e4felfing Tel: (089) 854 28 59legal@siegfriedhagl.com Streitschlichtung Die Europ\u00e4ische Kommission stellt eine Plattform zur Online-Streitbeilegung (OS) bereit:&nbsp;https:\/\/ec.europa.eu\/consumers\/odrUnsere E-Mail-Adresse finden Sie oben im Impressum. Wir sind nicht bereit oder verpflichtet, an Streitbeilegungsverfahren vor einer Verbraucherschlichtungsstelle teilzunehmen. Haftung f\u00fcr Inhalte S\u00e4mtliche Texte auf der Website wurden sorgf\u00e4ltig gepr\u00fcft. Dessen [&hellip;]\" \/>\n<meta property=\"og:url\" content=\"https:\/\/www.siegfriedhagl.com\/it\/impronta\/\" \/>\n<meta property=\"og:site_name\" content=\"SiegfriedHagl.com\" \/>\n<meta property=\"article:modified_time\" content=\"2021-11-01T12:30:59+00:00\" \/>\n<meta name=\"twitter:card\" content=\"summary_large_image\" \/>\n<meta name=\"twitter:label1\" content=\"Tempo di lettura stimato\" \/>\n\t<meta name=\"twitter:data1\" content=\"2 minuti\" \/>\n<script type=\"application\/ld+json\" class=\"yoast-schema-graph\">{\"@context\":\"https:\\\/\\\/schema.org\",\"@graph\":[{\"@type\":\"WebPage\",\"@id\":\"https:\\\/\\\/www.siegfriedhagl.com\\\/impressum\\\/\",\"url\":\"https:\\\/\\\/www.siegfriedhagl.com\\\/impressum\\\/\",\"name\":\"Impressum &#8211; SiegfriedHagl.com\",\"isPartOf\":{\"@id\":\"https:\\\/\\\/www.siegfriedhagl.com\\\/#website\"},\"datePublished\":\"2008-12-23T18:55:36+00:00\",\"dateModified\":\"2021-11-01T12:30:59+00:00\",\"breadcrumb\":{\"@id\":\"https:\\\/\\\/www.siegfriedhagl.com\\\/impressum\\\/#breadcrumb\"},\"inLanguage\":\"it-IT\",\"potentialAction\":[{\"@type\":\"ReadAction\",\"target\":[\"https:\\\/\\\/www.siegfriedhagl.com\\\/impressum\\\/\"]}]},{\"@type\":\"BreadcrumbList\",\"@id\":\"https:\\\/\\\/www.siegfriedhagl.com\\\/impressum\\\/#breadcrumb\",\"itemListElement\":[{\"@type\":\"ListItem\",\"position\":1,\"name\":\"Startseite\",\"item\":\"https:\\\/\\\/www.siegfriedhagl.com\\\/\"},{\"@type\":\"ListItem\",\"position\":2,\"name\":\"Impressum\"}]},{\"@type\":\"WebSite\",\"@id\":\"https:\\\/\\\/www.siegfriedhagl.com\\\/#website\",\"url\":\"https:\\\/\\\/www.siegfriedhagl.com\\\/\",\"name\":\"SiegfriedHagl.com\",\"description\":\"Artikel und Blog von Siegfried Hagl\",\"publisher\":{\"@id\":\"https:\\\/\\\/www.siegfriedhagl.com\\\/#\\\/schema\\\/person\\\/263c4a916fa13b3e7eda58f6c8c2695f\"},\"potentialAction\":[{\"@type\":\"SearchAction\",\"target\":{\"@type\":\"EntryPoint\",\"urlTemplate\":\"https:\\\/\\\/www.siegfriedhagl.com\\\/?s={search_term_string}\"},\"query-input\":{\"@type\":\"PropertyValueSpecification\",\"valueRequired\":true,\"valueName\":\"search_term_string\"}}],\"inLanguage\":\"it-IT\"},{\"@type\":[\"Person\",\"Organization\"],\"@id\":\"https:\\\/\\\/www.siegfriedhagl.com\\\/#\\\/schema\\\/person\\\/263c4a916fa13b3e7eda58f6c8c2695f\",\"name\":\"siegfriedhagl\",\"image\":{\"@type\":\"ImageObject\",\"inLanguage\":\"it-IT\",\"@id\":\"https:\\\/\\\/secure.gravatar.com\\\/avatar\\\/45b010d0734a07d6fa163753be02d78684ff4128f419d6ee0a0370de54233f1c?s=96&d=mm&r=g\",\"url\":\"https:\\\/\\\/secure.gravatar.com\\\/avatar\\\/45b010d0734a07d6fa163753be02d78684ff4128f419d6ee0a0370de54233f1c?s=96&d=mm&r=g\",\"contentUrl\":\"https:\\\/\\\/secure.gravatar.com\\\/avatar\\\/45b010d0734a07d6fa163753be02d78684ff4128f419d6ee0a0370de54233f1c?s=96&d=mm&r=g\",\"caption\":\"siegfriedhagl\"},\"logo\":{\"@id\":\"https:\\\/\\\/secure.gravatar.com\\\/avatar\\\/45b010d0734a07d6fa163753be02d78684ff4128f419d6ee0a0370de54233f1c?s=96&d=mm&r=g\"},\"sameAs\":[\"http:\\\/\\\/www.hagl.net\"]}]}<\/script>\n<!-- \/ Yoast SEO plugin. -->","yoast_head_json":{"title":"Impronta - SiegfriedHagl.com","robots":{"index":"index","follow":"follow","max-snippet":"max-snippet:-1","max-image-preview":"max-image-preview:large","max-video-preview":"max-video-preview:-1"},"canonical":"https:\/\/www.siegfriedhagl.com\/it\/impronta\/","og_locale":"it_IT","og_type":"article","og_title":"Impressum &#8211; SiegfriedHagl.com","og_description":"Angaben gem\u00e4\u00df \u00a7 5 TMG BetreiberSiegfried HaglOtilostra\u00dfe 2782166 Gr\u00e4felfing Tel: (089) 854 28 59legal@siegfriedhagl.com Streitschlichtung Die Europ\u00e4ische Kommission stellt eine Plattform zur Online-Streitbeilegung (OS) bereit:&nbsp;https:\/\/ec.europa.eu\/consumers\/odrUnsere E-Mail-Adresse finden Sie oben im Impressum. Wir sind nicht bereit oder verpflichtet, an Streitbeilegungsverfahren vor einer Verbraucherschlichtungsstelle teilzunehmen. Haftung f\u00fcr Inhalte S\u00e4mtliche Texte auf der Website wurden sorgf\u00e4ltig gepr\u00fcft. Dessen [&hellip;]","og_url":"https:\/\/www.siegfriedhagl.com\/it\/impronta\/","og_site_name":"SiegfriedHagl.com","article_modified_time":"2021-11-01T12:30:59+00:00","twitter_card":"summary_large_image","twitter_misc":{"Tempo di lettura stimato":"2 minuti"},"schema":{"@context":"https:\/\/schema.org","@graph":[{"@type":"WebPage","@id":"https:\/\/www.siegfriedhagl.com\/impressum\/","url":"https:\/\/www.siegfriedhagl.com\/impressum\/","name":"Impronta - SiegfriedHagl.com","isPartOf":{"@id":"https:\/\/www.siegfriedhagl.com\/#website"},"datePublished":"2008-12-23T18:55:36+00:00","dateModified":"2021-11-01T12:30:59+00:00","breadcrumb":{"@id":"https:\/\/www.siegfriedhagl.com\/impressum\/#breadcrumb"},"inLanguage":"it-IT","potentialAction":[{"@type":"ReadAction","target":["https:\/\/www.siegfriedhagl.com\/impressum\/"]}]},{"@type":"BreadcrumbList","@id":"https:\/\/www.siegfriedhagl.com\/impressum\/#breadcrumb","itemListElement":[{"@type":"ListItem","position":1,"name":"Startseite","item":"https:\/\/www.siegfriedhagl.com\/"},{"@type":"ListItem","position":2,"name":"Impressum"}]},{"@type":"WebSite","@id":"https:\/\/www.siegfriedhagl.com\/#website","url":"https:\/\/www.siegfriedhagl.com\/","name":"SiegfriedHagl.com","description":"Articolo e blog di Siegfried Hagl","publisher":{"@id":"https:\/\/www.siegfriedhagl.com\/#\/schema\/person\/263c4a916fa13b3e7eda58f6c8c2695f"},"potentialAction":[{"@type":"SearchAction","target":{"@type":"EntryPoint","urlTemplate":"https:\/\/www.siegfriedhagl.com\/?s={search_term_string}"},"query-input":{"@type":"PropertyValueSpecification","valueRequired":true,"valueName":"search_term_string"}}],"inLanguage":"it-IT"},{"@type":["Person","Organization"],"@id":"https:\/\/www.siegfriedhagl.com\/#\/schema\/person\/263c4a916fa13b3e7eda58f6c8c2695f","name":"siegfriedhagl","image":{"@type":"ImageObject","inLanguage":"it-IT","@id":"https:\/\/secure.gravatar.com\/avatar\/45b010d0734a07d6fa163753be02d78684ff4128f419d6ee0a0370de54233f1c?s=96&d=mm&r=g","url":"https:\/\/secure.gravatar.com\/avatar\/45b010d0734a07d6fa163753be02d78684ff4128f419d6ee0a0370de54233f1c?s=96&d=mm&r=g","contentUrl":"https:\/\/secure.gravatar.com\/avatar\/45b010d0734a07d6fa163753be02d78684ff4128f419d6ee0a0370de54233f1c?s=96&d=mm&r=g","caption":"siegfriedhagl"},"logo":{"@id":"https:\/\/secure.gravatar.com\/avatar\/45b010d0734a07d6fa163753be02d78684ff4128f419d6ee0a0370de54233f1c?s=96&d=mm&r=g"},"sameAs":["http:\/\/www.hagl.net"]}]}},"_links":{"self":[{"href":"https:\/\/www.siegfriedhagl.com\/it\/wp-json\/wp\/v2\/pages\/2","targetHints":{"allow":["GET"]}}],"collection":[{"href":"https:\/\/www.siegfriedhagl.com\/it\/wp-json\/wp\/v2\/pages"}],"about":[{"href":"https:\/\/www.siegfriedhagl.com\/it\/wp-json\/wp\/v2\/types\/page"}],"author":[{"embeddable":true,"href":"https:\/\/www.siegfriedhagl.com\/it\/wp-json\/wp\/v2\/users\/1"}],"replies":[{"embeddable":true,"href":"https:\/\/www.siegfriedhagl.com\/it\/wp-json\/wp\/v2\/comments?post=2"}],"version-history":[{"count":8,"href":"https:\/\/www.siegfriedhagl.com\/it\/wp-json\/wp\/v2\/pages\/2\/revisions"}],"predecessor-version":[{"id":6550,"href":"https:\/\/www.siegfriedhagl.com\/it\/wp-json\/wp\/v2\/pages\/2\/revisions\/6550"}],"wp:attachment":[{"href":"https:\/\/www.siegfriedhagl.com\/it\/wp-json\/wp\/v2\/media?parent=2"}],"curies":[{"name":"wp","href":"https:\/\/api.w.org\/{rel}","templated":true}]}}