{"id":6546,"date":"2021-10-29T17:59:13","date_gmt":"2021-10-29T16:59:13","guid":{"rendered":"https:\/\/www.siegfriedhagl.com\/?page_id=6546"},"modified":"2021-11-01T13:30:59","modified_gmt":"2021-11-01T12:30:59","slug":"haftungsausschluss","status":"publish","type":"page","link":"https:\/\/www.siegfriedhagl.com\/fr\/avertissement\/","title":{"rendered":"Avertissement"},"content":{"rendered":"<h1 class=\"wp-block-heading\">Avis de non-responsabilit\u00e9 - mentions l\u00e9gales<\/h1>\n\n\n\n<p><strong>1. Limitation de responsabilit\u00e9<\/strong><br>Le contenu du site Web a \u00e9t\u00e9 cr\u00e9\u00e9 avec le plus grand soin possible et au mieux de nos connaissances. N\u00e9anmoins, le fournisseur de ce site Web n&#039;assume aucune responsabilit\u00e9 quant \u00e0 l&#039;actualit\u00e9, l&#039;exhaustivit\u00e9 et l&#039;exactitude des pages et du contenu mis \u00e0 disposition.<\/p>\n\n\n\n<p>En tant que prestataire de services, le fournisseur de ce site Web est responsable de son propre contenu et des informations fournies sur ces pages conform\u00e9ment \u00e0 l&#039;article 7 (1) TMG ; conform\u00e9ment aux \u00a7\u00a7 8 \u00e0 10 TMG, cependant, pas oblig\u00e9 de surveiller les informations tierces transmises ou stock\u00e9es. Une suppression ou un blocage de ce contenu a lieu imm\u00e9diatement \u00e0 partir du moment de la connaissance d&#039;une violation sp\u00e9cifique de la loi. La responsabilit\u00e9 n&#039;est possible qu&#039;\u00e0 partir du moment o\u00f9 la connaissance est acquise.<\/p>\n\n\n\n<p><strong>2. Liens externes<\/strong><br>Le site Web contient des &quot;liens externes&quot; (liens) vers d&#039;autres sites Web sur le contenu desquels le fournisseur du site Web n&#039;a aucune influence. Pour cette raison, le fournisseur ne peut assumer aucune responsabilit\u00e9 pour ce contenu.<br>Le fournisseur respectif du site Web li\u00e9 est responsable du contenu et de l&#039;exactitude des informations fournies. Au moment de la cr\u00e9ation du lien, aucune infraction n&#039;\u00e9tait reconnaissable. D\u00e8s notification d&#039;une telle infraction, le lien sera imm\u00e9diatement supprim\u00e9.<\/p>\n\n\n\n<p><strong>3. Droit d&#039;auteur\/droit d&#039;auteur accessoire<\/strong><br>Le contenu, les \u0153uvres et les informations fournies sur ce site Web sont soumis au droit d&#039;auteur allemand et au droit d&#039;auteur accessoire. Tout type de duplication, traitement, distribution, stockage et tout type d&#039;exploitation en dehors des limites du droit d&#039;auteur n\u00e9cessite l&#039;accord \u00e9crit pr\u00e9alable du titulaire du droit d&#039;auteur respectif. La copie\/sauvegarde non autoris\u00e9e des informations fournies sur ce site Web n&#039;est pas autoris\u00e9e et est punissable par la loi.<\/p>\n\n\n\n<p><strong>4. Confidentialit\u00e9<\/strong><br>En visitant le site Web, des informations (date, heure, page consult\u00e9e) sur l&#039;acc\u00e8s peuvent \u00eatre stock\u00e9es sur le serveur. Aucune donn\u00e9e personnelle (par exemple nom, adresse ou adresse e-mail) n&#039;est stock\u00e9e.<\/p>\n\n\n\n<p>Si des donn\u00e9es personnelles sont collect\u00e9es, cela se fait, si possible, uniquement avec le consentement pr\u00e9alable de l&#039;utilisateur du site Web. Les donn\u00e9es ne seront pas transmises \u00e0 des tiers sans le consentement expr\u00e8s de l&#039;utilisateur.<\/p>\n\n\n\n<p>Le fournisseur souligne que la transmission de donn\u00e9es sur Internet (par exemple par e-mail) pr\u00e9sente des failles de s\u00e9curit\u00e9 et qu&#039;une protection compl\u00e8te des donn\u00e9es contre l&#039;acc\u00e8s de tiers ne peut \u00eatre garantie. Le fournisseur d\u00e9cline toute responsabilit\u00e9 pour les dommages caus\u00e9s par de telles failles de s\u00e9curit\u00e9.<\/p>\n\n\n\n<p>L&#039;utilisation des donn\u00e9es de contact par des tiers \u00e0 des fins commerciales est express\u00e9ment interdite. Sauf si le fournisseur a donn\u00e9 son accord \u00e9crit pr\u00e9alable.<br><br>Le fournisseur se r\u00e9serve le droit d&#039;intenter une action en justice en cas d&#039;envoi de publicit\u00e9 non sollicit\u00e9e, par ex. B. par le biais de spams.<br><br><strong>la source<\/strong>: <a href=\"http:\/\/www.mustervorlage.net\/disclaimer-muster\/\" target=\"_blank\" rel=\"noreferrer noopener\">Exemple de clause de non-responsabilit\u00e9<\/a><\/p>","protected":false},"excerpt":{"rendered":"<p>Disclaimer \u2013 rechtliche Hinweise 1. Haftungsbeschr\u00e4nkungDie Inhalte des Internetauftritts wurden mit gr\u00f6\u00dftm\u00f6glicher Sorgfalt und nach bestem Gewissen erstellt. Dennoch \u00fcbernimmt der Anbieter dieser Webseite keine Gew\u00e4hr f\u00fcr die Aktualit\u00e4t, Vollst\u00e4ndigkeit und Richtigkeit der bereitgestellten Seiten und Inhalte. Als Diensteanbieter ist der Anbieter dieser Webseite gem\u00e4\u00df \u00a7 7 Abs. 1 TMG f\u00fcr eigene Inhalte und bereitgestellte [&hellip;]<\/p>\n","protected":false},"author":1,"featured_media":0,"parent":0,"menu_order":0,"comment_status":"closed","ping_status":"closed","template":"templates\/template-full-width.php","meta":{"footnotes":""},"class_list":["post-6546","page","type-page","status-publish","hentry"],"yoast_head":"<!-- This site is optimized with the Yoast SEO plugin v27.5 - https:\/\/yoast.com\/product\/yoast-seo-wordpress\/ -->\n<title>Haftungsausschluss &#8211; SiegfriedHagl.com<\/title>\n<meta name=\"robots\" content=\"index, follow, max-snippet:-1, max-image-preview:large, max-video-preview:-1\" \/>\n<link rel=\"canonical\" href=\"https:\/\/www.siegfriedhagl.com\/fr\/avertissement\/\" \/>\n<meta property=\"og:locale\" content=\"fr_FR\" \/>\n<meta property=\"og:type\" content=\"article\" \/>\n<meta property=\"og:title\" content=\"Haftungsausschluss &#8211; SiegfriedHagl.com\" \/>\n<meta property=\"og:description\" content=\"Disclaimer \u2013 rechtliche Hinweise 1. Haftungsbeschr\u00e4nkungDie Inhalte des Internetauftritts wurden mit gr\u00f6\u00dftm\u00f6glicher Sorgfalt und nach bestem Gewissen erstellt. Dennoch \u00fcbernimmt der Anbieter dieser Webseite keine Gew\u00e4hr f\u00fcr die Aktualit\u00e4t, Vollst\u00e4ndigkeit und Richtigkeit der bereitgestellten Seiten und Inhalte. Als Diensteanbieter ist der Anbieter dieser Webseite gem\u00e4\u00df \u00a7 7 Abs. 1 TMG f\u00fcr eigene Inhalte und bereitgestellte [&hellip;]\" \/>\n<meta property=\"og:url\" content=\"https:\/\/www.siegfriedhagl.com\/fr\/avertissement\/\" \/>\n<meta property=\"og:site_name\" content=\"SiegfriedHagl.com\" \/>\n<meta property=\"article:modified_time\" content=\"2021-11-01T12:30:59+00:00\" \/>\n<meta name=\"twitter:card\" content=\"summary_large_image\" \/>\n<meta name=\"twitter:label1\" content=\"Dur\u00e9e de lecture estim\u00e9e\" \/>\n\t<meta name=\"twitter:data1\" content=\"2 minutes\" \/>\n<script type=\"application\/ld+json\" class=\"yoast-schema-graph\">{\"@context\":\"https:\\\/\\\/schema.org\",\"@graph\":[{\"@type\":\"WebPage\",\"@id\":\"https:\\\/\\\/www.siegfriedhagl.com\\\/haftungsausschluss\\\/\",\"url\":\"https:\\\/\\\/www.siegfriedhagl.com\\\/haftungsausschluss\\\/\",\"name\":\"Haftungsausschluss &#8211; SiegfriedHagl.com\",\"isPartOf\":{\"@id\":\"https:\\\/\\\/www.siegfriedhagl.com\\\/#website\"},\"datePublished\":\"2021-10-29T16:59:13+00:00\",\"dateModified\":\"2021-11-01T12:30:59+00:00\",\"breadcrumb\":{\"@id\":\"https:\\\/\\\/www.siegfriedhagl.com\\\/haftungsausschluss\\\/#breadcrumb\"},\"inLanguage\":\"fr-FR\",\"potentialAction\":[{\"@type\":\"ReadAction\",\"target\":[\"https:\\\/\\\/www.siegfriedhagl.com\\\/haftungsausschluss\\\/\"]}]},{\"@type\":\"BreadcrumbList\",\"@id\":\"https:\\\/\\\/www.siegfriedhagl.com\\\/haftungsausschluss\\\/#breadcrumb\",\"itemListElement\":[{\"@type\":\"ListItem\",\"position\":1,\"name\":\"Startseite\",\"item\":\"https:\\\/\\\/www.siegfriedhagl.com\\\/\"},{\"@type\":\"ListItem\",\"position\":2,\"name\":\"Haftungsausschluss\"}]},{\"@type\":\"WebSite\",\"@id\":\"https:\\\/\\\/www.siegfriedhagl.com\\\/#website\",\"url\":\"https:\\\/\\\/www.siegfriedhagl.com\\\/\",\"name\":\"SiegfriedHagl.com\",\"description\":\"Artikel und Blog von Siegfried Hagl\",\"publisher\":{\"@id\":\"https:\\\/\\\/www.siegfriedhagl.com\\\/#\\\/schema\\\/person\\\/263c4a916fa13b3e7eda58f6c8c2695f\"},\"potentialAction\":[{\"@type\":\"SearchAction\",\"target\":{\"@type\":\"EntryPoint\",\"urlTemplate\":\"https:\\\/\\\/www.siegfriedhagl.com\\\/?s={search_term_string}\"},\"query-input\":{\"@type\":\"PropertyValueSpecification\",\"valueRequired\":true,\"valueName\":\"search_term_string\"}}],\"inLanguage\":\"fr-FR\"},{\"@type\":[\"Person\",\"Organization\"],\"@id\":\"https:\\\/\\\/www.siegfriedhagl.com\\\/#\\\/schema\\\/person\\\/263c4a916fa13b3e7eda58f6c8c2695f\",\"name\":\"siegfriedhagl\",\"image\":{\"@type\":\"ImageObject\",\"inLanguage\":\"fr-FR\",\"@id\":\"https:\\\/\\\/secure.gravatar.com\\\/avatar\\\/45b010d0734a07d6fa163753be02d78684ff4128f419d6ee0a0370de54233f1c?s=96&d=mm&r=g\",\"url\":\"https:\\\/\\\/secure.gravatar.com\\\/avatar\\\/45b010d0734a07d6fa163753be02d78684ff4128f419d6ee0a0370de54233f1c?s=96&d=mm&r=g\",\"contentUrl\":\"https:\\\/\\\/secure.gravatar.com\\\/avatar\\\/45b010d0734a07d6fa163753be02d78684ff4128f419d6ee0a0370de54233f1c?s=96&d=mm&r=g\",\"caption\":\"siegfriedhagl\"},\"logo\":{\"@id\":\"https:\\\/\\\/secure.gravatar.com\\\/avatar\\\/45b010d0734a07d6fa163753be02d78684ff4128f419d6ee0a0370de54233f1c?s=96&d=mm&r=g\"},\"sameAs\":[\"http:\\\/\\\/www.hagl.net\"]}]}<\/script>\n<!-- \/ Yoast SEO plugin. -->","yoast_head_json":{"title":"Clause de non-responsabilit\u00e9 - SiegfriedHagl.com","robots":{"index":"index","follow":"follow","max-snippet":"max-snippet:-1","max-image-preview":"max-image-preview:large","max-video-preview":"max-video-preview:-1"},"canonical":"https:\/\/www.siegfriedhagl.com\/fr\/avertissement\/","og_locale":"fr_FR","og_type":"article","og_title":"Haftungsausschluss &#8211; SiegfriedHagl.com","og_description":"Disclaimer \u2013 rechtliche Hinweise 1. Haftungsbeschr\u00e4nkungDie Inhalte des Internetauftritts wurden mit gr\u00f6\u00dftm\u00f6glicher Sorgfalt und nach bestem Gewissen erstellt. Dennoch \u00fcbernimmt der Anbieter dieser Webseite keine Gew\u00e4hr f\u00fcr die Aktualit\u00e4t, Vollst\u00e4ndigkeit und Richtigkeit der bereitgestellten Seiten und Inhalte. Als Diensteanbieter ist der Anbieter dieser Webseite gem\u00e4\u00df \u00a7 7 Abs. 1 TMG f\u00fcr eigene Inhalte und bereitgestellte [&hellip;]","og_url":"https:\/\/www.siegfriedhagl.com\/fr\/avertissement\/","og_site_name":"SiegfriedHagl.com","article_modified_time":"2021-11-01T12:30:59+00:00","twitter_card":"summary_large_image","twitter_misc":{"Dur\u00e9e de lecture estim\u00e9e":"2 minutes"},"schema":{"@context":"https:\/\/schema.org","@graph":[{"@type":"WebPage","@id":"https:\/\/www.siegfriedhagl.com\/haftungsausschluss\/","url":"https:\/\/www.siegfriedhagl.com\/haftungsausschluss\/","name":"Clause de non-responsabilit\u00e9 - SiegfriedHagl.com","isPartOf":{"@id":"https:\/\/www.siegfriedhagl.com\/#website"},"datePublished":"2021-10-29T16:59:13+00:00","dateModified":"2021-11-01T12:30:59+00:00","breadcrumb":{"@id":"https:\/\/www.siegfriedhagl.com\/haftungsausschluss\/#breadcrumb"},"inLanguage":"fr-FR","potentialAction":[{"@type":"ReadAction","target":["https:\/\/www.siegfriedhagl.com\/haftungsausschluss\/"]}]},{"@type":"BreadcrumbList","@id":"https:\/\/www.siegfriedhagl.com\/haftungsausschluss\/#breadcrumb","itemListElement":[{"@type":"ListItem","position":1,"name":"Startseite","item":"https:\/\/www.siegfriedhagl.com\/"},{"@type":"ListItem","position":2,"name":"Haftungsausschluss"}]},{"@type":"WebSite","@id":"https:\/\/www.siegfriedhagl.com\/#website","url":"https:\/\/www.siegfriedhagl.com\/","name":"SiegfriedHagl.com","description":"Article et blog de Siegfried Hagl","publisher":{"@id":"https:\/\/www.siegfriedhagl.com\/#\/schema\/person\/263c4a916fa13b3e7eda58f6c8c2695f"},"potentialAction":[{"@type":"SearchAction","target":{"@type":"EntryPoint","urlTemplate":"https:\/\/www.siegfriedhagl.com\/?s={search_term_string}"},"query-input":{"@type":"PropertyValueSpecification","valueRequired":true,"valueName":"search_term_string"}}],"inLanguage":"fr-FR"},{"@type":["Person","Organization"],"@id":"https:\/\/www.siegfriedhagl.com\/#\/schema\/person\/263c4a916fa13b3e7eda58f6c8c2695f","name":"siegfriedhagl","image":{"@type":"ImageObject","inLanguage":"fr-FR","@id":"https:\/\/secure.gravatar.com\/avatar\/45b010d0734a07d6fa163753be02d78684ff4128f419d6ee0a0370de54233f1c?s=96&d=mm&r=g","url":"https:\/\/secure.gravatar.com\/avatar\/45b010d0734a07d6fa163753be02d78684ff4128f419d6ee0a0370de54233f1c?s=96&d=mm&r=g","contentUrl":"https:\/\/secure.gravatar.com\/avatar\/45b010d0734a07d6fa163753be02d78684ff4128f419d6ee0a0370de54233f1c?s=96&d=mm&r=g","caption":"siegfriedhagl"},"logo":{"@id":"https:\/\/secure.gravatar.com\/avatar\/45b010d0734a07d6fa163753be02d78684ff4128f419d6ee0a0370de54233f1c?s=96&d=mm&r=g"},"sameAs":["http:\/\/www.hagl.net"]}]}},"_links":{"self":[{"href":"https:\/\/www.siegfriedhagl.com\/fr\/wp-json\/wp\/v2\/pages\/6546","targetHints":{"allow":["GET"]}}],"collection":[{"href":"https:\/\/www.siegfriedhagl.com\/fr\/wp-json\/wp\/v2\/pages"}],"about":[{"href":"https:\/\/www.siegfriedhagl.com\/fr\/wp-json\/wp\/v2\/types\/page"}],"author":[{"embeddable":true,"href":"https:\/\/www.siegfriedhagl.com\/fr\/wp-json\/wp\/v2\/users\/1"}],"replies":[{"embeddable":true,"href":"https:\/\/www.siegfriedhagl.com\/fr\/wp-json\/wp\/v2\/comments?post=6546"}],"version-history":[{"count":1,"href":"https:\/\/www.siegfriedhagl.com\/fr\/wp-json\/wp\/v2\/pages\/6546\/revisions"}],"predecessor-version":[{"id":6547,"href":"https:\/\/www.siegfriedhagl.com\/fr\/wp-json\/wp\/v2\/pages\/6546\/revisions\/6547"}],"wp:attachment":[{"href":"https:\/\/www.siegfriedhagl.com\/fr\/wp-json\/wp\/v2\/media?parent=6546"}],"curies":[{"name":"wp","href":"https:\/\/api.w.org\/{rel}","templated":true}]}}