{"id":1399,"date":"2009-12-02T23:47:11","date_gmt":"2009-12-02T22:47:11","guid":{"rendered":"https:\/\/www.siegfriedhagl.com\/?page_id=1399"},"modified":"2021-11-01T13:30:59","modified_gmt":"2021-11-01T12:30:59","slug":"datenschutzerklaerung","status":"publish","type":"page","link":"https:\/\/www.siegfriedhagl.com\/fr\/protection-des-donnees\/","title":{"rendered":"intimit\u00e9"},"content":{"rendered":"<h2 class=\"wp-block-heading\"><strong>Protection des donn\u00e9es<\/strong><\/h2>\n\n\n\n<p>Responsable au regard de la loi sur la protection des donn\u00e9es :<\/p>\n\n\n\n<p>Siegfried Hagl<br>Otilostrasse 27<br>82166 Graefelfing<br>legal@siegfriedhagl.com<\/p>\n\n\n\n<p><strong>intimit\u00e9<\/strong><\/p>\n\n\n\n<p>En tant qu&#039;op\u00e9rateur de site Web, nous prenons tr\u00e8s au s\u00e9rieux la protection de toutes les donn\u00e9es personnelles. Toutes les informations personnelles seront trait\u00e9es de mani\u00e8re confidentielle et conform\u00e9ment aux dispositions l\u00e9gales, comme expliqu\u00e9 dans cette d\u00e9claration de protection des donn\u00e9es.<\/p>\n\n\n\n<p>Notre site Web peut bien entendu \u00eatre utilis\u00e9 sans que vous ne fournissiez de donn\u00e9es personnelles. Cependant, si \u00e0 tout moment des informations personnelles telles que nom, adresse ou e-mail sont demand\u00e9es, cela se fera sur une base volontaire. Les donn\u00e9es que nous collectons ne seront jamais transmises \u00e0 des tiers sans votre autorisation sp\u00e9ciale.<\/p>\n\n\n\n<p>La transmission de donn\u00e9es sur Internet, par exemple par e-mail, peut toujours pr\u00e9senter des failles de s\u00e9curit\u00e9. Une protection compl\u00e8te des donn\u00e9es n&#039;est pas possible sur Internet.<\/p>\n\n\n\n<p><strong>Information, suppression, blocage<\/strong><\/p>\n\n\n\n<p>A tout moment, vous pouvez vous renseigner sur les donn\u00e9es personnelles, leur origine et leurs destinataires et l&#039;utilisation du traitement des donn\u00e9es et demander gratuitement une correction, un blocage ou une suppression de ces donn\u00e9es. Veuillez utiliser les canaux de contact indiqu\u00e9s dans les mentions l\u00e9gales. Nous sommes \u00e9galement disponibles \u00e0 tout moment pour d&#039;autres questions sur le sujet.<\/p>\n\n\n\n<p><strong>Fichiers journaux du serveur<\/strong><\/p>\n\n\n\n<p>Le fournisseur de site Web collecte et stocke automatiquement les donn\u00e9es dans les fichiers journaux du serveur qui nous sont envoy\u00e9s par votre navigateur. Ces donn\u00e9es comprennent\u00a0:<\/p>\n\n\n\n<ul class=\"wp-block-list\"><li>Type de navigateur\/ version du navigateur<\/li><li>syst\u00e8me d&#039;exploitation de l&#039;ordinateur<\/li><li>URL de r\u00e9f\u00e9rence<\/li><li>Nom d&#039;h\u00f4te de l&#039;ordinateur acc\u00e9dant<\/li><li>Heure de la demande du serveur<\/li><\/ul>\n\n\n\n<p>Ces donn\u00e9es ne sont pas personnelles. Ces donn\u00e9es ne sont pas fusionn\u00e9es avec d&#039;autres sources de donn\u00e9es. Si nous prenons connaissance d&#039;indications sp\u00e9cifiques d&#039;utilisation ill\u00e9gale, nous nous r\u00e9servons le droit de v\u00e9rifier ult\u00e9rieurement ces donn\u00e9es.<\/p>\n\n\n\n<p><strong>biscuits<\/strong><\/p>\n\n\n\n<p>De nombreux sites Web utilisent des cookies. Les cookies sont inoffensifs pour votre ordinateur et exempts de virus. Ils servent \u00e0 fournir des offres Internet aux visiteurs d&#039;un site Web <a href=\"https:\/\/xn--datenschutzerklrungmuster-zec.de\/\" target=\"_blank\" rel=\"noreferrer noopener\"><\/a> plus convivial, plus efficace et plus s\u00fbr. Les cookies sont de petits fichiers texte stock\u00e9s sur votre ordinateur et utilis\u00e9s par votre navigateur.<\/p>\n\n\n\n<p>Nous utilisons g\u00e9n\u00e9ralement des &quot;cookies de session&quot;. Ceux-ci sont automatiquement supprim\u00e9s apr\u00e8s avoir quitt\u00e9 notre site. Les autres cookies restent stock\u00e9s sur votre ordinateur jusqu&#039;\u00e0 ce que vous les supprimiez. Ces cookies aident \u00e0 reconna\u00eetre votre ordinateur lors de votre prochaine visite.<\/p>\n\n\n\n<p>Vous pouvez utiliser les param\u00e8tres du navigateur pour sp\u00e9cifier que vous \u00eates inform\u00e9 des nouveaux cookies et que vous devez accepter les cookies dans chaque cas. Vous pouvez \u00e9galement exclure l&#039;acceptation des cookies dans certains cas ou en g\u00e9n\u00e9ral ou activer la suppression automatique des cookies lorsque le navigateur est ferm\u00e9. Si les cookies sont d\u00e9sactiv\u00e9s, la fonctionnalit\u00e9 de notre site Web peut \u00eatre limit\u00e9e.<\/p>\n\n\n\n<p><strong>Modification de la politique de confidentialit\u00e9<\/strong><\/p>\n\n\n\n<p>Notre d\u00e9claration de protection des donn\u00e9es peut \u00eatre adapt\u00e9e \u00e0 intervalles irr\u00e9guliers pour se conformer aux exigences l\u00e9gales en vigueur ou pour mettre en \u0153uvre des modifications de nos services, par ex. B. lors de l&#039;insertion de nouvelles offres. Le nouveau s&#039;appliquera automatiquement \u00e0 votre prochaine visite <strong>Protection des donn\u00e9es<\/strong>.<\/p>\n\n\n\n<p><strong>Contacter le d\u00e9l\u00e9gu\u00e9 \u00e0 la protection des donn\u00e9es<\/strong><\/p>\n\n\n\n<p>Pour toute question concernant la protection des donn\u00e9es, veuillez nous envoyer un message \u00e0 legal@bmi.expert avec le sujet &quot;Politique de confidentialit\u00e9&quot;.<\/p>\n\n\n\n<p>Cette politique d&#039;annulation a \u00e9t\u00e9 cr\u00e9\u00e9e par datenschutzmuster.de.<\/p>","protected":false},"excerpt":{"rendered":"<p>Datenschutzerkl\u00e4rung Verantwortlich im Sinne der Datenschutzgesetzes: Siegfried HaglOtilostra\u00dfe 2782166 Gr\u00e4felfinglegal@siegfriedhagl.com Datenschutz Als Webseitenbetreiber nehmen wir den Schutz aller pers\u00f6nlichen Daten sehr ernst. Alle personenbezogenen Informationen werden vertraulich und gem\u00e4\u00df den gesetzlichen Vorschriften behandelt, wie in dieser Datenschutzerkl\u00e4rung erl\u00e4utert. Unserer Webseite kann selbstverst\u00e4ndlich genutzt werden, ohne dass Sie pers\u00f6nliche Daten angeben. Wenn jedoch zu irgendeinem Zeitpunkt [&hellip;]<\/p>\n","protected":false},"author":1,"featured_media":0,"parent":0,"menu_order":99999,"comment_status":"closed","ping_status":"open","template":"templates\/template-full-width.php","meta":{"footnotes":""},"class_list":["post-1399","page","type-page","status-publish","hentry"],"yoast_head":"<!-- This site is optimized with the Yoast SEO plugin v27.6 - https:\/\/yoast.com\/product\/yoast-seo-wordpress\/ -->\n<title>Datenschutz &#8211; SiegfriedHagl.com<\/title>\n<meta name=\"robots\" content=\"index, follow, max-snippet:-1, max-image-preview:large, max-video-preview:-1\" \/>\n<link rel=\"canonical\" href=\"https:\/\/www.siegfriedhagl.com\/fr\/protection-des-donnees\/\" \/>\n<meta property=\"og:locale\" content=\"fr_FR\" \/>\n<meta property=\"og:type\" content=\"article\" \/>\n<meta property=\"og:title\" content=\"Datenschutz &#8211; SiegfriedHagl.com\" \/>\n<meta property=\"og:description\" content=\"Datenschutzerkl\u00e4rung Verantwortlich im Sinne der Datenschutzgesetzes: Siegfried HaglOtilostra\u00dfe 2782166 Gr\u00e4felfinglegal@siegfriedhagl.com Datenschutz Als Webseitenbetreiber nehmen wir den Schutz aller pers\u00f6nlichen Daten sehr ernst. Alle personenbezogenen Informationen werden vertraulich und gem\u00e4\u00df den gesetzlichen Vorschriften behandelt, wie in dieser Datenschutzerkl\u00e4rung erl\u00e4utert. Unserer Webseite kann selbstverst\u00e4ndlich genutzt werden, ohne dass Sie pers\u00f6nliche Daten angeben. Wenn jedoch zu irgendeinem Zeitpunkt [&hellip;]\" \/>\n<meta property=\"og:url\" content=\"https:\/\/www.siegfriedhagl.com\/fr\/protection-des-donnees\/\" \/>\n<meta property=\"og:site_name\" content=\"SiegfriedHagl.com\" \/>\n<meta property=\"article:modified_time\" content=\"2021-11-01T12:30:59+00:00\" \/>\n<meta name=\"twitter:card\" content=\"summary_large_image\" \/>\n<meta name=\"twitter:label1\" content=\"Dur\u00e9e de lecture estim\u00e9e\" \/>\n\t<meta name=\"twitter:data1\" content=\"2 minutes\" \/>\n<script type=\"application\/ld+json\" class=\"yoast-schema-graph\">{\"@context\":\"https:\\\/\\\/schema.org\",\"@graph\":[{\"@type\":\"WebPage\",\"@id\":\"https:\\\/\\\/www.siegfriedhagl.com\\\/datenschutzerklaerung\\\/\",\"url\":\"https:\\\/\\\/www.siegfriedhagl.com\\\/datenschutzerklaerung\\\/\",\"name\":\"Datenschutz &#8211; SiegfriedHagl.com\",\"isPartOf\":{\"@id\":\"https:\\\/\\\/www.siegfriedhagl.com\\\/#website\"},\"datePublished\":\"2009-12-02T22:47:11+00:00\",\"dateModified\":\"2021-11-01T12:30:59+00:00\",\"breadcrumb\":{\"@id\":\"https:\\\/\\\/www.siegfriedhagl.com\\\/datenschutzerklaerung\\\/#breadcrumb\"},\"inLanguage\":\"fr-FR\",\"potentialAction\":[{\"@type\":\"ReadAction\",\"target\":[\"https:\\\/\\\/www.siegfriedhagl.com\\\/datenschutzerklaerung\\\/\"]}]},{\"@type\":\"BreadcrumbList\",\"@id\":\"https:\\\/\\\/www.siegfriedhagl.com\\\/datenschutzerklaerung\\\/#breadcrumb\",\"itemListElement\":[{\"@type\":\"ListItem\",\"position\":1,\"name\":\"Startseite\",\"item\":\"https:\\\/\\\/www.siegfriedhagl.com\\\/\"},{\"@type\":\"ListItem\",\"position\":2,\"name\":\"Datenschutz\"}]},{\"@type\":\"WebSite\",\"@id\":\"https:\\\/\\\/www.siegfriedhagl.com\\\/#website\",\"url\":\"https:\\\/\\\/www.siegfriedhagl.com\\\/\",\"name\":\"SiegfriedHagl.com\",\"description\":\"Artikel und Blog von Siegfried Hagl\",\"publisher\":{\"@id\":\"https:\\\/\\\/www.siegfriedhagl.com\\\/#\\\/schema\\\/person\\\/263c4a916fa13b3e7eda58f6c8c2695f\"},\"potentialAction\":[{\"@type\":\"SearchAction\",\"target\":{\"@type\":\"EntryPoint\",\"urlTemplate\":\"https:\\\/\\\/www.siegfriedhagl.com\\\/?s={search_term_string}\"},\"query-input\":{\"@type\":\"PropertyValueSpecification\",\"valueRequired\":true,\"valueName\":\"search_term_string\"}}],\"inLanguage\":\"fr-FR\"},{\"@type\":[\"Person\",\"Organization\"],\"@id\":\"https:\\\/\\\/www.siegfriedhagl.com\\\/#\\\/schema\\\/person\\\/263c4a916fa13b3e7eda58f6c8c2695f\",\"name\":\"siegfriedhagl\",\"image\":{\"@type\":\"ImageObject\",\"inLanguage\":\"fr-FR\",\"@id\":\"https:\\\/\\\/secure.gravatar.com\\\/avatar\\\/45b010d0734a07d6fa163753be02d78684ff4128f419d6ee0a0370de54233f1c?s=96&d=mm&r=g\",\"url\":\"https:\\\/\\\/secure.gravatar.com\\\/avatar\\\/45b010d0734a07d6fa163753be02d78684ff4128f419d6ee0a0370de54233f1c?s=96&d=mm&r=g\",\"contentUrl\":\"https:\\\/\\\/secure.gravatar.com\\\/avatar\\\/45b010d0734a07d6fa163753be02d78684ff4128f419d6ee0a0370de54233f1c?s=96&d=mm&r=g\",\"caption\":\"siegfriedhagl\"},\"logo\":{\"@id\":\"https:\\\/\\\/secure.gravatar.com\\\/avatar\\\/45b010d0734a07d6fa163753be02d78684ff4128f419d6ee0a0370de54233f1c?s=96&d=mm&r=g\"},\"sameAs\":[\"http:\\\/\\\/www.hagl.net\"]}]}<\/script>\n<!-- \/ Yoast SEO plugin. -->","yoast_head_json":{"title":"Protection des donn\u00e9es - SiegfriedHagl.com","robots":{"index":"index","follow":"follow","max-snippet":"max-snippet:-1","max-image-preview":"max-image-preview:large","max-video-preview":"max-video-preview:-1"},"canonical":"https:\/\/www.siegfriedhagl.com\/fr\/protection-des-donnees\/","og_locale":"fr_FR","og_type":"article","og_title":"Datenschutz &#8211; SiegfriedHagl.com","og_description":"Datenschutzerkl\u00e4rung Verantwortlich im Sinne der Datenschutzgesetzes: Siegfried HaglOtilostra\u00dfe 2782166 Gr\u00e4felfinglegal@siegfriedhagl.com Datenschutz Als Webseitenbetreiber nehmen wir den Schutz aller pers\u00f6nlichen Daten sehr ernst. Alle personenbezogenen Informationen werden vertraulich und gem\u00e4\u00df den gesetzlichen Vorschriften behandelt, wie in dieser Datenschutzerkl\u00e4rung erl\u00e4utert. Unserer Webseite kann selbstverst\u00e4ndlich genutzt werden, ohne dass Sie pers\u00f6nliche Daten angeben. Wenn jedoch zu irgendeinem Zeitpunkt [&hellip;]","og_url":"https:\/\/www.siegfriedhagl.com\/fr\/protection-des-donnees\/","og_site_name":"SiegfriedHagl.com","article_modified_time":"2021-11-01T12:30:59+00:00","twitter_card":"summary_large_image","twitter_misc":{"Dur\u00e9e de lecture estim\u00e9e":"2 minutes"},"schema":{"@context":"https:\/\/schema.org","@graph":[{"@type":"WebPage","@id":"https:\/\/www.siegfriedhagl.com\/datenschutzerklaerung\/","url":"https:\/\/www.siegfriedhagl.com\/datenschutzerklaerung\/","name":"Protection des donn\u00e9es - SiegfriedHagl.com","isPartOf":{"@id":"https:\/\/www.siegfriedhagl.com\/#website"},"datePublished":"2009-12-02T22:47:11+00:00","dateModified":"2021-11-01T12:30:59+00:00","breadcrumb":{"@id":"https:\/\/www.siegfriedhagl.com\/datenschutzerklaerung\/#breadcrumb"},"inLanguage":"fr-FR","potentialAction":[{"@type":"ReadAction","target":["https:\/\/www.siegfriedhagl.com\/datenschutzerklaerung\/"]}]},{"@type":"BreadcrumbList","@id":"https:\/\/www.siegfriedhagl.com\/datenschutzerklaerung\/#breadcrumb","itemListElement":[{"@type":"ListItem","position":1,"name":"Startseite","item":"https:\/\/www.siegfriedhagl.com\/"},{"@type":"ListItem","position":2,"name":"Datenschutz"}]},{"@type":"WebSite","@id":"https:\/\/www.siegfriedhagl.com\/#website","url":"https:\/\/www.siegfriedhagl.com\/","name":"SiegfriedHagl.com","description":"Article et blog de Siegfried Hagl","publisher":{"@id":"https:\/\/www.siegfriedhagl.com\/#\/schema\/person\/263c4a916fa13b3e7eda58f6c8c2695f"},"potentialAction":[{"@type":"SearchAction","target":{"@type":"EntryPoint","urlTemplate":"https:\/\/www.siegfriedhagl.com\/?s={search_term_string}"},"query-input":{"@type":"PropertyValueSpecification","valueRequired":true,"valueName":"search_term_string"}}],"inLanguage":"fr-FR"},{"@type":["Person","Organization"],"@id":"https:\/\/www.siegfriedhagl.com\/#\/schema\/person\/263c4a916fa13b3e7eda58f6c8c2695f","name":"siegfriedhagl","image":{"@type":"ImageObject","inLanguage":"fr-FR","@id":"https:\/\/secure.gravatar.com\/avatar\/45b010d0734a07d6fa163753be02d78684ff4128f419d6ee0a0370de54233f1c?s=96&d=mm&r=g","url":"https:\/\/secure.gravatar.com\/avatar\/45b010d0734a07d6fa163753be02d78684ff4128f419d6ee0a0370de54233f1c?s=96&d=mm&r=g","contentUrl":"https:\/\/secure.gravatar.com\/avatar\/45b010d0734a07d6fa163753be02d78684ff4128f419d6ee0a0370de54233f1c?s=96&d=mm&r=g","caption":"siegfriedhagl"},"logo":{"@id":"https:\/\/secure.gravatar.com\/avatar\/45b010d0734a07d6fa163753be02d78684ff4128f419d6ee0a0370de54233f1c?s=96&d=mm&r=g"},"sameAs":["http:\/\/www.hagl.net"]}]}},"_links":{"self":[{"href":"https:\/\/www.siegfriedhagl.com\/fr\/wp-json\/wp\/v2\/pages\/1399","targetHints":{"allow":["GET"]}}],"collection":[{"href":"https:\/\/www.siegfriedhagl.com\/fr\/wp-json\/wp\/v2\/pages"}],"about":[{"href":"https:\/\/www.siegfriedhagl.com\/fr\/wp-json\/wp\/v2\/types\/page"}],"author":[{"embeddable":true,"href":"https:\/\/www.siegfriedhagl.com\/fr\/wp-json\/wp\/v2\/users\/1"}],"replies":[{"embeddable":true,"href":"https:\/\/www.siegfriedhagl.com\/fr\/wp-json\/wp\/v2\/comments?post=1399"}],"version-history":[{"count":5,"href":"https:\/\/www.siegfriedhagl.com\/fr\/wp-json\/wp\/v2\/pages\/1399\/revisions"}],"predecessor-version":[{"id":6545,"href":"https:\/\/www.siegfriedhagl.com\/fr\/wp-json\/wp\/v2\/pages\/1399\/revisions\/6545"}],"wp:attachment":[{"href":"https:\/\/www.siegfriedhagl.com\/fr\/wp-json\/wp\/v2\/media?parent=1399"}],"curies":[{"name":"wp","href":"https:\/\/api.w.org\/{rel}","templated":true}]}}