{"id":6546,"date":"2021-10-29T17:59:13","date_gmt":"2021-10-29T16:59:13","guid":{"rendered":"https:\/\/www.siegfriedhagl.com\/?page_id=6546"},"modified":"2021-11-01T13:30:59","modified_gmt":"2021-11-01T12:30:59","slug":"haftungsausschluss","status":"publish","type":"page","link":"https:\/\/www.siegfriedhagl.com\/es\/descargo-de-responsabilidad\/","title":{"rendered":"Descargo de responsabilidad"},"content":{"rendered":"<h1 class=\"wp-block-heading\">Descargo de responsabilidad - informaci\u00f3n legal<\/h1>\n\n\n\n<p><strong>1. Limitaci\u00f3n de responsabilidad<\/strong><br>Los contenidos del sitio web se crearon con el mayor cuidado posible y seg\u00fan nuestro leal saber y entender. Sin embargo, el proveedor de este sitio web no asume ninguna responsabilidad por la actualidad, integridad y correcci\u00f3n de las p\u00e1ginas y contenidos proporcionados.<\/p>\n\n\n\n<p>Como proveedor de servicios, el proveedor de este sitio web es responsable de su propio contenido e informaci\u00f3n proporcionada en estas p\u00e1ginas de acuerdo con la Secci\u00f3n 7 (1) TMG; de acuerdo con los \u00a7\u00a7 8 a 10 TMG, sin embargo, no est\u00e1 obligado a monitorear la informaci\u00f3n de terceros transmitida o almacenada. La eliminaci\u00f3n o el bloqueo de este contenido se lleva a cabo inmediatamente desde el momento del conocimiento de una violaci\u00f3n espec\u00edfica de la ley. La responsabilidad s\u00f3lo es posible a partir del momento en que se adquiere el conocimiento.<\/p>\n\n\n\n<p><strong>2. Enlaces externos<\/strong><br>El sitio web contiene los llamados &quot;enlaces externos&quot; (enlaces) a otros sitios web sobre cuyo contenido el proveedor del sitio web no tiene influencia. Por este motivo, el proveedor no puede asumir ninguna responsabilidad por este contenido.<br>El proveedor respectivo del sitio web enlazado es responsable del contenido y la exactitud de la informaci\u00f3n proporcionada. En el momento de la vinculaci\u00f3n no se detectaron infracciones. Tras la notificaci\u00f3n de tal infracci\u00f3n, el enlace se eliminar\u00e1 de inmediato.<\/p>\n\n\n\n<p><strong>3. Derechos de autor\/derechos de autor auxiliares<\/strong><br>El contenido, las obras y la informaci\u00f3n proporcionada en este sitio web est\u00e1n sujetos a los derechos de autor alemanes y la ley de derechos de autor auxiliar. Cualquier tipo de duplicaci\u00f3n, procesamiento, distribuci\u00f3n, almacenamiento y cualquier tipo de explotaci\u00f3n fuera de los l\u00edmites de los derechos de autor requiere el consentimiento previo por escrito del respectivo titular de los derechos de autor. La copia\/guardado no autorizado de la informaci\u00f3n proporcionada en este sitio web no est\u00e1 permitida y est\u00e1 penada por la ley.<\/p>\n\n\n\n<p><strong>4. Privacidad<\/strong><br>Al visitar el sitio web, la informaci\u00f3n (fecha, hora, p\u00e1gina visitada) sobre el acceso puede almacenarse en el servidor. No se almacenan datos personales (por ejemplo, nombre, direcci\u00f3n o direcci\u00f3n de correo electr\u00f3nico).<\/p>\n\n\n\n<p>Si se recopilan datos personales, esto se hace, si es posible, solo con el consentimiento previo del usuario del sitio web. Los datos no ser\u00e1n cedidos a terceros sin el consentimiento expreso del usuario.<\/p>\n\n\n\n<p>El proveedor se\u00f1ala que la transmisi\u00f3n de datos en Internet (por ejemplo, por correo electr\u00f3nico) tiene brechas de seguridad y que no se puede garantizar la protecci\u00f3n completa de los datos contra el acceso de terceros. El proveedor no asume ninguna responsabilidad por los da\u00f1os causados por tales brechas de seguridad.<\/p>\n\n\n\n<p>Queda expresamente prohibido el uso de los datos de contacto por parte de terceros con fines comerciales. Salvo que el prestador haya dado su consentimiento previo por escrito.<br><br>El proveedor se reserva el derecho de emprender acciones legales en caso de env\u00edo de publicidad no solicitada, p. B. a trav\u00e9s de correos no deseados.<br><br><strong>fuente<\/strong>: <a href=\"http:\/\/www.mustervorlage.net\/disclaimer-muster\/\" target=\"_blank\" rel=\"noreferrer noopener\">Muestra de exenci\u00f3n de responsabilidad<\/a><\/p>","protected":false},"excerpt":{"rendered":"<p>Disclaimer \u2013 rechtliche Hinweise 1. Haftungsbeschr\u00e4nkungDie Inhalte des Internetauftritts wurden mit gr\u00f6\u00dftm\u00f6glicher Sorgfalt und nach bestem Gewissen erstellt. Dennoch \u00fcbernimmt der Anbieter dieser Webseite keine Gew\u00e4hr f\u00fcr die Aktualit\u00e4t, Vollst\u00e4ndigkeit und Richtigkeit der bereitgestellten Seiten und Inhalte. Als Diensteanbieter ist der Anbieter dieser Webseite gem\u00e4\u00df \u00a7 7 Abs. 1 TMG f\u00fcr eigene Inhalte und bereitgestellte [&hellip;]<\/p>\n","protected":false},"author":1,"featured_media":0,"parent":0,"menu_order":0,"comment_status":"closed","ping_status":"closed","template":"templates\/template-full-width.php","meta":{"footnotes":""},"class_list":["post-6546","page","type-page","status-publish","hentry"],"yoast_head":"<!-- This site is optimized with the Yoast SEO plugin v27.4 - https:\/\/yoast.com\/product\/yoast-seo-wordpress\/ -->\n<title>Haftungsausschluss &#8211; SiegfriedHagl.com<\/title>\n<meta name=\"robots\" content=\"index, follow, max-snippet:-1, max-image-preview:large, max-video-preview:-1\" \/>\n<link rel=\"canonical\" href=\"https:\/\/www.siegfriedhagl.com\/es\/descargo-de-responsabilidad\/\" \/>\n<meta property=\"og:locale\" content=\"es_ES\" \/>\n<meta property=\"og:type\" content=\"article\" \/>\n<meta property=\"og:title\" content=\"Haftungsausschluss &#8211; SiegfriedHagl.com\" \/>\n<meta property=\"og:description\" content=\"Disclaimer \u2013 rechtliche Hinweise 1. Haftungsbeschr\u00e4nkungDie Inhalte des Internetauftritts wurden mit gr\u00f6\u00dftm\u00f6glicher Sorgfalt und nach bestem Gewissen erstellt. Dennoch \u00fcbernimmt der Anbieter dieser Webseite keine Gew\u00e4hr f\u00fcr die Aktualit\u00e4t, Vollst\u00e4ndigkeit und Richtigkeit der bereitgestellten Seiten und Inhalte. Als Diensteanbieter ist der Anbieter dieser Webseite gem\u00e4\u00df \u00a7 7 Abs. 1 TMG f\u00fcr eigene Inhalte und bereitgestellte [&hellip;]\" \/>\n<meta property=\"og:url\" content=\"https:\/\/www.siegfriedhagl.com\/es\/descargo-de-responsabilidad\/\" \/>\n<meta property=\"og:site_name\" content=\"SiegfriedHagl.com\" \/>\n<meta property=\"article:modified_time\" content=\"2021-11-01T12:30:59+00:00\" \/>\n<meta name=\"twitter:card\" content=\"summary_large_image\" \/>\n<meta name=\"twitter:label1\" content=\"Tiempo de lectura\" \/>\n\t<meta name=\"twitter:data1\" content=\"2 minutos\" \/>\n<script type=\"application\/ld+json\" class=\"yoast-schema-graph\">{\"@context\":\"https:\\\/\\\/schema.org\",\"@graph\":[{\"@type\":\"WebPage\",\"@id\":\"https:\\\/\\\/www.siegfriedhagl.com\\\/haftungsausschluss\\\/\",\"url\":\"https:\\\/\\\/www.siegfriedhagl.com\\\/haftungsausschluss\\\/\",\"name\":\"Haftungsausschluss &#8211; SiegfriedHagl.com\",\"isPartOf\":{\"@id\":\"https:\\\/\\\/www.siegfriedhagl.com\\\/#website\"},\"datePublished\":\"2021-10-29T16:59:13+00:00\",\"dateModified\":\"2021-11-01T12:30:59+00:00\",\"breadcrumb\":{\"@id\":\"https:\\\/\\\/www.siegfriedhagl.com\\\/haftungsausschluss\\\/#breadcrumb\"},\"inLanguage\":\"es\",\"potentialAction\":[{\"@type\":\"ReadAction\",\"target\":[\"https:\\\/\\\/www.siegfriedhagl.com\\\/haftungsausschluss\\\/\"]}]},{\"@type\":\"BreadcrumbList\",\"@id\":\"https:\\\/\\\/www.siegfriedhagl.com\\\/haftungsausschluss\\\/#breadcrumb\",\"itemListElement\":[{\"@type\":\"ListItem\",\"position\":1,\"name\":\"Startseite\",\"item\":\"https:\\\/\\\/www.siegfriedhagl.com\\\/\"},{\"@type\":\"ListItem\",\"position\":2,\"name\":\"Haftungsausschluss\"}]},{\"@type\":\"WebSite\",\"@id\":\"https:\\\/\\\/www.siegfriedhagl.com\\\/#website\",\"url\":\"https:\\\/\\\/www.siegfriedhagl.com\\\/\",\"name\":\"SiegfriedHagl.com\",\"description\":\"Artikel und Blog von Siegfried Hagl\",\"publisher\":{\"@id\":\"https:\\\/\\\/www.siegfriedhagl.com\\\/#\\\/schema\\\/person\\\/263c4a916fa13b3e7eda58f6c8c2695f\"},\"potentialAction\":[{\"@type\":\"SearchAction\",\"target\":{\"@type\":\"EntryPoint\",\"urlTemplate\":\"https:\\\/\\\/www.siegfriedhagl.com\\\/?s={search_term_string}\"},\"query-input\":{\"@type\":\"PropertyValueSpecification\",\"valueRequired\":true,\"valueName\":\"search_term_string\"}}],\"inLanguage\":\"es\"},{\"@type\":[\"Person\",\"Organization\"],\"@id\":\"https:\\\/\\\/www.siegfriedhagl.com\\\/#\\\/schema\\\/person\\\/263c4a916fa13b3e7eda58f6c8c2695f\",\"name\":\"siegfriedhagl\",\"image\":{\"@type\":\"ImageObject\",\"inLanguage\":\"es\",\"@id\":\"https:\\\/\\\/secure.gravatar.com\\\/avatar\\\/45b010d0734a07d6fa163753be02d78684ff4128f419d6ee0a0370de54233f1c?s=96&d=mm&r=g\",\"url\":\"https:\\\/\\\/secure.gravatar.com\\\/avatar\\\/45b010d0734a07d6fa163753be02d78684ff4128f419d6ee0a0370de54233f1c?s=96&d=mm&r=g\",\"contentUrl\":\"https:\\\/\\\/secure.gravatar.com\\\/avatar\\\/45b010d0734a07d6fa163753be02d78684ff4128f419d6ee0a0370de54233f1c?s=96&d=mm&r=g\",\"caption\":\"siegfriedhagl\"},\"logo\":{\"@id\":\"https:\\\/\\\/secure.gravatar.com\\\/avatar\\\/45b010d0734a07d6fa163753be02d78684ff4128f419d6ee0a0370de54233f1c?s=96&d=mm&r=g\"},\"sameAs\":[\"http:\\\/\\\/www.hagl.net\"]}]}<\/script>\n<!-- \/ Yoast SEO plugin. -->","yoast_head_json":{"title":"Descargo de responsabilidad - SiegfriedHagl.com","robots":{"index":"index","follow":"follow","max-snippet":"max-snippet:-1","max-image-preview":"max-image-preview:large","max-video-preview":"max-video-preview:-1"},"canonical":"https:\/\/www.siegfriedhagl.com\/es\/descargo-de-responsabilidad\/","og_locale":"es_ES","og_type":"article","og_title":"Haftungsausschluss &#8211; SiegfriedHagl.com","og_description":"Disclaimer \u2013 rechtliche Hinweise 1. Haftungsbeschr\u00e4nkungDie Inhalte des Internetauftritts wurden mit gr\u00f6\u00dftm\u00f6glicher Sorgfalt und nach bestem Gewissen erstellt. Dennoch \u00fcbernimmt der Anbieter dieser Webseite keine Gew\u00e4hr f\u00fcr die Aktualit\u00e4t, Vollst\u00e4ndigkeit und Richtigkeit der bereitgestellten Seiten und Inhalte. Als Diensteanbieter ist der Anbieter dieser Webseite gem\u00e4\u00df \u00a7 7 Abs. 1 TMG f\u00fcr eigene Inhalte und bereitgestellte [&hellip;]","og_url":"https:\/\/www.siegfriedhagl.com\/es\/descargo-de-responsabilidad\/","og_site_name":"SiegfriedHagl.com","article_modified_time":"2021-11-01T12:30:59+00:00","twitter_card":"summary_large_image","twitter_misc":{"Tiempo de lectura":"2 minutos"},"schema":{"@context":"https:\/\/schema.org","@graph":[{"@type":"WebPage","@id":"https:\/\/www.siegfriedhagl.com\/haftungsausschluss\/","url":"https:\/\/www.siegfriedhagl.com\/haftungsausschluss\/","name":"Descargo de responsabilidad - SiegfriedHagl.com","isPartOf":{"@id":"https:\/\/www.siegfriedhagl.com\/#website"},"datePublished":"2021-10-29T16:59:13+00:00","dateModified":"2021-11-01T12:30:59+00:00","breadcrumb":{"@id":"https:\/\/www.siegfriedhagl.com\/haftungsausschluss\/#breadcrumb"},"inLanguage":"es","potentialAction":[{"@type":"ReadAction","target":["https:\/\/www.siegfriedhagl.com\/haftungsausschluss\/"]}]},{"@type":"BreadcrumbList","@id":"https:\/\/www.siegfriedhagl.com\/haftungsausschluss\/#breadcrumb","itemListElement":[{"@type":"ListItem","position":1,"name":"Startseite","item":"https:\/\/www.siegfriedhagl.com\/"},{"@type":"ListItem","position":2,"name":"Haftungsausschluss"}]},{"@type":"WebSite","@id":"https:\/\/www.siegfriedhagl.com\/#website","url":"https:\/\/www.siegfriedhagl.com\/","name":"SiegfriedHagl.com","description":"Art\u00edculo y blog de Siegfried Hagl","publisher":{"@id":"https:\/\/www.siegfriedhagl.com\/#\/schema\/person\/263c4a916fa13b3e7eda58f6c8c2695f"},"potentialAction":[{"@type":"SearchAction","target":{"@type":"EntryPoint","urlTemplate":"https:\/\/www.siegfriedhagl.com\/?s={search_term_string}"},"query-input":{"@type":"PropertyValueSpecification","valueRequired":true,"valueName":"search_term_string"}}],"inLanguage":"es"},{"@type":["Person","Organization"],"@id":"https:\/\/www.siegfriedhagl.com\/#\/schema\/person\/263c4a916fa13b3e7eda58f6c8c2695f","name":"siegfriedhagl","image":{"@type":"ImageObject","inLanguage":"es","@id":"https:\/\/secure.gravatar.com\/avatar\/45b010d0734a07d6fa163753be02d78684ff4128f419d6ee0a0370de54233f1c?s=96&d=mm&r=g","url":"https:\/\/secure.gravatar.com\/avatar\/45b010d0734a07d6fa163753be02d78684ff4128f419d6ee0a0370de54233f1c?s=96&d=mm&r=g","contentUrl":"https:\/\/secure.gravatar.com\/avatar\/45b010d0734a07d6fa163753be02d78684ff4128f419d6ee0a0370de54233f1c?s=96&d=mm&r=g","caption":"siegfriedhagl"},"logo":{"@id":"https:\/\/secure.gravatar.com\/avatar\/45b010d0734a07d6fa163753be02d78684ff4128f419d6ee0a0370de54233f1c?s=96&d=mm&r=g"},"sameAs":["http:\/\/www.hagl.net"]}]}},"_links":{"self":[{"href":"https:\/\/www.siegfriedhagl.com\/es\/wp-json\/wp\/v2\/pages\/6546","targetHints":{"allow":["GET"]}}],"collection":[{"href":"https:\/\/www.siegfriedhagl.com\/es\/wp-json\/wp\/v2\/pages"}],"about":[{"href":"https:\/\/www.siegfriedhagl.com\/es\/wp-json\/wp\/v2\/types\/page"}],"author":[{"embeddable":true,"href":"https:\/\/www.siegfriedhagl.com\/es\/wp-json\/wp\/v2\/users\/1"}],"replies":[{"embeddable":true,"href":"https:\/\/www.siegfriedhagl.com\/es\/wp-json\/wp\/v2\/comments?post=6546"}],"version-history":[{"count":1,"href":"https:\/\/www.siegfriedhagl.com\/es\/wp-json\/wp\/v2\/pages\/6546\/revisions"}],"predecessor-version":[{"id":6547,"href":"https:\/\/www.siegfriedhagl.com\/es\/wp-json\/wp\/v2\/pages\/6546\/revisions\/6547"}],"wp:attachment":[{"href":"https:\/\/www.siegfriedhagl.com\/es\/wp-json\/wp\/v2\/media?parent=6546"}],"curies":[{"name":"wp","href":"https:\/\/api.w.org\/{rel}","templated":true}]}}