{"id":1399,"date":"2009-12-02T23:47:11","date_gmt":"2009-12-02T22:47:11","guid":{"rendered":"https:\/\/www.siegfriedhagl.com\/?page_id=1399"},"modified":"2021-11-01T13:30:59","modified_gmt":"2021-11-01T12:30:59","slug":"datenschutzerklaerung","status":"publish","type":"page","link":"https:\/\/www.siegfriedhagl.com\/es\/proteccion-de-datos\/","title":{"rendered":"intimidad"},"content":{"rendered":"<h2 class=\"wp-block-heading\"><strong>Protecci\u00f3n de Datos<\/strong><\/h2>\n\n\n\n<p>Responsable en t\u00e9rminos de la ley de protecci\u00f3n de datos:<\/p>\n\n\n\n<p>siegfried hagl<br>Otilostrasse 27<br>C\u00f3digo 82166<br>legal@siegfriedhagl.com<\/p>\n\n\n\n<p><strong>intimidad<\/strong><\/p>\n\n\n\n<p>Como operador de un sitio web, nos tomamos muy en serio la protecci\u00f3n de todos los datos personales. Toda la informaci\u00f3n personal ser\u00e1 tratada de forma confidencial y de acuerdo con las normas legales, tal y como se explica en esta declaraci\u00f3n de protecci\u00f3n de datos.<\/p>\n\n\n\n<p>Por supuesto, nuestro sitio web se puede utilizar sin que proporcione ning\u00fan dato personal. No obstante, si en alg\u00fan momento se solicitan datos personales como nombre, direcci\u00f3n o correo electr\u00f3nico, esto se har\u00e1 de forma voluntaria. Los datos recopilados por nosotros nunca se transmitir\u00e1n a terceros sin su permiso especial.<\/p>\n\n\n\n<p>La transmisi\u00f3n de datos en Internet, como por ejemplo a trav\u00e9s del correo electr\u00f3nico, siempre puede tener brechas de seguridad. La protecci\u00f3n completa de los datos no es posible en Internet.<\/p>\n\n\n\n<p><strong>Informaci\u00f3n, eliminaci\u00f3n, bloqueo<\/strong><\/p>\n\n\n\n<p>En cualquier momento puede conocer los datos personales, su origen y destinatarios y el uso del procesamiento de datos y solicitar una correcci\u00f3n, bloqueo o eliminaci\u00f3n de estos datos de forma gratuita. Utilice los canales de contacto indicados en el pie de imprenta. Tambi\u00e9n estamos disponibles en cualquier momento para m\u00e1s preguntas sobre el tema.<\/p>\n\n\n\n<p><strong>Archivos de registro del servidor<\/strong><\/p>\n\n\n\n<p>El proveedor del sitio web recopila y almacena autom\u00e1ticamente datos en archivos de registro del servidor que nos transmite su navegador. Estos datos incluyen:<\/p>\n\n\n\n<ul class=\"wp-block-list\"><li>Tipo de navegador\/versi\u00f3n del navegador<\/li><li>sistema operativo de la computadora<\/li><li>URL de referencia<\/li><li>Nombre de host de la computadora que accede<\/li><li>Hora de la solicitud del servidor<\/li><\/ul>\n\n\n\n<p>Estos datos no son personales. Estos datos no se fusionan con otras fuentes de datos. Si tenemos conocimiento de indicios espec\u00edficos de uso ilegal, nos reservamos el derecho de verificar estos datos posteriormente.<\/p>\n\n\n\n<p><strong>galletas<\/strong><\/p>\n\n\n\n<p>Muchos sitios web utilizan cookies. Las cookies son inofensivas para su ordenador y libres de virus. Sirven para proporcionar ofertas de Internet para los visitantes de un sitio web. <a href=\"https:\/\/xn--datenschutzerklrungmuster-zec.de\/\" target=\"_blank\" rel=\"noreferrer noopener\"><\/a> m\u00e1s amigable, m\u00e1s efectivo y m\u00e1s seguro. Las cookies son peque\u00f1os archivos de texto que se almacenan en su computadora y son utilizados por su navegador.<\/p>\n\n\n\n<p>Usualmente usamos las llamadas &quot;cookies de sesi\u00f3n&quot;. Estos se eliminan autom\u00e1ticamente despu\u00e9s de abandonar nuestro sitio. Otras cookies permanecen almacenadas en su computadora hasta que las elimine. Estas cookies ayudan a reconocer su computadora en su pr\u00f3xima visita.<\/p>\n\n\n\n<p>Puede usar la configuraci\u00f3n del navegador para especificar que est\u00e1 informado sobre nuevas cookies y que debe aceptar las cookies en cada caso. Tambi\u00e9n puede excluir la aceptaci\u00f3n de cookies para determinados casos o en general o activar el borrado autom\u00e1tico de cookies cuando se cierra el navegador. Si se desactivan las cookies, la funcionalidad de nuestro sitio web puede verse restringida.<\/p>\n\n\n\n<p><strong>Cambio en la Pol\u00edtica de Privacidad<\/strong><\/p>\n\n\n\n<p>Nuestra declaraci\u00f3n de protecci\u00f3n de datos se puede ajustar a intervalos irregulares para cumplir con los requisitos legales vigentes o para implementar cambios en nuestros servicios, p. B. al insertar nuevas ofertas. El nuevo se aplicar\u00e1 autom\u00e1ticamente a su pr\u00f3xima visita. <strong>Protecci\u00f3n de Datos<\/strong>.<\/p>\n\n\n\n<p><strong>Contacta con el delegado de protecci\u00f3n de datos<\/strong><\/p>\n\n\n\n<p>Para consultas sobre protecci\u00f3n de datos, env\u00edenos un mensaje a legal@bmi.expert con el asunto &quot;Pol\u00edtica de privacidad&quot;.<\/p>\n\n\n\n<p>Esta pol\u00edtica de cancelaci\u00f3n fue creada por datenschutzmuster.de.<\/p>","protected":false},"excerpt":{"rendered":"<p>Datenschutzerkl\u00e4rung Verantwortlich im Sinne der Datenschutzgesetzes: Siegfried HaglOtilostra\u00dfe 2782166 Gr\u00e4felfinglegal@siegfriedhagl.com Datenschutz Als Webseitenbetreiber nehmen wir den Schutz aller pers\u00f6nlichen Daten sehr ernst. Alle personenbezogenen Informationen werden vertraulich und gem\u00e4\u00df den gesetzlichen Vorschriften behandelt, wie in dieser Datenschutzerkl\u00e4rung erl\u00e4utert. Unserer Webseite kann selbstverst\u00e4ndlich genutzt werden, ohne dass Sie pers\u00f6nliche Daten angeben. Wenn jedoch zu irgendeinem Zeitpunkt [&hellip;]<\/p>\n","protected":false},"author":1,"featured_media":0,"parent":0,"menu_order":99999,"comment_status":"closed","ping_status":"open","template":"templates\/template-full-width.php","meta":{"footnotes":""},"class_list":["post-1399","page","type-page","status-publish","hentry"],"yoast_head":"<!-- This site is optimized with the Yoast SEO plugin v27.5 - https:\/\/yoast.com\/product\/yoast-seo-wordpress\/ -->\n<title>Datenschutz &#8211; SiegfriedHagl.com<\/title>\n<meta name=\"robots\" content=\"index, follow, max-snippet:-1, max-image-preview:large, max-video-preview:-1\" \/>\n<link rel=\"canonical\" href=\"https:\/\/www.siegfriedhagl.com\/es\/proteccion-de-datos\/\" \/>\n<meta property=\"og:locale\" content=\"es_ES\" \/>\n<meta property=\"og:type\" content=\"article\" \/>\n<meta property=\"og:title\" content=\"Datenschutz &#8211; SiegfriedHagl.com\" \/>\n<meta property=\"og:description\" content=\"Datenschutzerkl\u00e4rung Verantwortlich im Sinne der Datenschutzgesetzes: Siegfried HaglOtilostra\u00dfe 2782166 Gr\u00e4felfinglegal@siegfriedhagl.com Datenschutz Als Webseitenbetreiber nehmen wir den Schutz aller pers\u00f6nlichen Daten sehr ernst. Alle personenbezogenen Informationen werden vertraulich und gem\u00e4\u00df den gesetzlichen Vorschriften behandelt, wie in dieser Datenschutzerkl\u00e4rung erl\u00e4utert. Unserer Webseite kann selbstverst\u00e4ndlich genutzt werden, ohne dass Sie pers\u00f6nliche Daten angeben. Wenn jedoch zu irgendeinem Zeitpunkt [&hellip;]\" \/>\n<meta property=\"og:url\" content=\"https:\/\/www.siegfriedhagl.com\/es\/proteccion-de-datos\/\" \/>\n<meta property=\"og:site_name\" content=\"SiegfriedHagl.com\" \/>\n<meta property=\"article:modified_time\" content=\"2021-11-01T12:30:59+00:00\" \/>\n<meta name=\"twitter:card\" content=\"summary_large_image\" \/>\n<meta name=\"twitter:label1\" content=\"Tiempo de lectura\" \/>\n\t<meta name=\"twitter:data1\" content=\"2 minutos\" \/>\n<script type=\"application\/ld+json\" class=\"yoast-schema-graph\">{\"@context\":\"https:\\\/\\\/schema.org\",\"@graph\":[{\"@type\":\"WebPage\",\"@id\":\"https:\\\/\\\/www.siegfriedhagl.com\\\/datenschutzerklaerung\\\/\",\"url\":\"https:\\\/\\\/www.siegfriedhagl.com\\\/datenschutzerklaerung\\\/\",\"name\":\"Datenschutz &#8211; SiegfriedHagl.com\",\"isPartOf\":{\"@id\":\"https:\\\/\\\/www.siegfriedhagl.com\\\/#website\"},\"datePublished\":\"2009-12-02T22:47:11+00:00\",\"dateModified\":\"2021-11-01T12:30:59+00:00\",\"breadcrumb\":{\"@id\":\"https:\\\/\\\/www.siegfriedhagl.com\\\/datenschutzerklaerung\\\/#breadcrumb\"},\"inLanguage\":\"es\",\"potentialAction\":[{\"@type\":\"ReadAction\",\"target\":[\"https:\\\/\\\/www.siegfriedhagl.com\\\/datenschutzerklaerung\\\/\"]}]},{\"@type\":\"BreadcrumbList\",\"@id\":\"https:\\\/\\\/www.siegfriedhagl.com\\\/datenschutzerklaerung\\\/#breadcrumb\",\"itemListElement\":[{\"@type\":\"ListItem\",\"position\":1,\"name\":\"Startseite\",\"item\":\"https:\\\/\\\/www.siegfriedhagl.com\\\/\"},{\"@type\":\"ListItem\",\"position\":2,\"name\":\"Datenschutz\"}]},{\"@type\":\"WebSite\",\"@id\":\"https:\\\/\\\/www.siegfriedhagl.com\\\/#website\",\"url\":\"https:\\\/\\\/www.siegfriedhagl.com\\\/\",\"name\":\"SiegfriedHagl.com\",\"description\":\"Artikel und Blog von Siegfried Hagl\",\"publisher\":{\"@id\":\"https:\\\/\\\/www.siegfriedhagl.com\\\/#\\\/schema\\\/person\\\/263c4a916fa13b3e7eda58f6c8c2695f\"},\"potentialAction\":[{\"@type\":\"SearchAction\",\"target\":{\"@type\":\"EntryPoint\",\"urlTemplate\":\"https:\\\/\\\/www.siegfriedhagl.com\\\/?s={search_term_string}\"},\"query-input\":{\"@type\":\"PropertyValueSpecification\",\"valueRequired\":true,\"valueName\":\"search_term_string\"}}],\"inLanguage\":\"es\"},{\"@type\":[\"Person\",\"Organization\"],\"@id\":\"https:\\\/\\\/www.siegfriedhagl.com\\\/#\\\/schema\\\/person\\\/263c4a916fa13b3e7eda58f6c8c2695f\",\"name\":\"siegfriedhagl\",\"image\":{\"@type\":\"ImageObject\",\"inLanguage\":\"es\",\"@id\":\"https:\\\/\\\/secure.gravatar.com\\\/avatar\\\/45b010d0734a07d6fa163753be02d78684ff4128f419d6ee0a0370de54233f1c?s=96&d=mm&r=g\",\"url\":\"https:\\\/\\\/secure.gravatar.com\\\/avatar\\\/45b010d0734a07d6fa163753be02d78684ff4128f419d6ee0a0370de54233f1c?s=96&d=mm&r=g\",\"contentUrl\":\"https:\\\/\\\/secure.gravatar.com\\\/avatar\\\/45b010d0734a07d6fa163753be02d78684ff4128f419d6ee0a0370de54233f1c?s=96&d=mm&r=g\",\"caption\":\"siegfriedhagl\"},\"logo\":{\"@id\":\"https:\\\/\\\/secure.gravatar.com\\\/avatar\\\/45b010d0734a07d6fa163753be02d78684ff4128f419d6ee0a0370de54233f1c?s=96&d=mm&r=g\"},\"sameAs\":[\"http:\\\/\\\/www.hagl.net\"]}]}<\/script>\n<!-- \/ Yoast SEO plugin. -->","yoast_head_json":{"title":"Protecci\u00f3n de datos - SiegfriedHagl.com","robots":{"index":"index","follow":"follow","max-snippet":"max-snippet:-1","max-image-preview":"max-image-preview:large","max-video-preview":"max-video-preview:-1"},"canonical":"https:\/\/www.siegfriedhagl.com\/es\/proteccion-de-datos\/","og_locale":"es_ES","og_type":"article","og_title":"Datenschutz &#8211; SiegfriedHagl.com","og_description":"Datenschutzerkl\u00e4rung Verantwortlich im Sinne der Datenschutzgesetzes: Siegfried HaglOtilostra\u00dfe 2782166 Gr\u00e4felfinglegal@siegfriedhagl.com Datenschutz Als Webseitenbetreiber nehmen wir den Schutz aller pers\u00f6nlichen Daten sehr ernst. Alle personenbezogenen Informationen werden vertraulich und gem\u00e4\u00df den gesetzlichen Vorschriften behandelt, wie in dieser Datenschutzerkl\u00e4rung erl\u00e4utert. Unserer Webseite kann selbstverst\u00e4ndlich genutzt werden, ohne dass Sie pers\u00f6nliche Daten angeben. Wenn jedoch zu irgendeinem Zeitpunkt [&hellip;]","og_url":"https:\/\/www.siegfriedhagl.com\/es\/proteccion-de-datos\/","og_site_name":"SiegfriedHagl.com","article_modified_time":"2021-11-01T12:30:59+00:00","twitter_card":"summary_large_image","twitter_misc":{"Tiempo de lectura":"2 minutos"},"schema":{"@context":"https:\/\/schema.org","@graph":[{"@type":"WebPage","@id":"https:\/\/www.siegfriedhagl.com\/datenschutzerklaerung\/","url":"https:\/\/www.siegfriedhagl.com\/datenschutzerklaerung\/","name":"Protecci\u00f3n de datos - SiegfriedHagl.com","isPartOf":{"@id":"https:\/\/www.siegfriedhagl.com\/#website"},"datePublished":"2009-12-02T22:47:11+00:00","dateModified":"2021-11-01T12:30:59+00:00","breadcrumb":{"@id":"https:\/\/www.siegfriedhagl.com\/datenschutzerklaerung\/#breadcrumb"},"inLanguage":"es","potentialAction":[{"@type":"ReadAction","target":["https:\/\/www.siegfriedhagl.com\/datenschutzerklaerung\/"]}]},{"@type":"BreadcrumbList","@id":"https:\/\/www.siegfriedhagl.com\/datenschutzerklaerung\/#breadcrumb","itemListElement":[{"@type":"ListItem","position":1,"name":"Startseite","item":"https:\/\/www.siegfriedhagl.com\/"},{"@type":"ListItem","position":2,"name":"Datenschutz"}]},{"@type":"WebSite","@id":"https:\/\/www.siegfriedhagl.com\/#website","url":"https:\/\/www.siegfriedhagl.com\/","name":"SiegfriedHagl.com","description":"Art\u00edculo y blog de Siegfried Hagl","publisher":{"@id":"https:\/\/www.siegfriedhagl.com\/#\/schema\/person\/263c4a916fa13b3e7eda58f6c8c2695f"},"potentialAction":[{"@type":"SearchAction","target":{"@type":"EntryPoint","urlTemplate":"https:\/\/www.siegfriedhagl.com\/?s={search_term_string}"},"query-input":{"@type":"PropertyValueSpecification","valueRequired":true,"valueName":"search_term_string"}}],"inLanguage":"es"},{"@type":["Person","Organization"],"@id":"https:\/\/www.siegfriedhagl.com\/#\/schema\/person\/263c4a916fa13b3e7eda58f6c8c2695f","name":"siegfriedhagl","image":{"@type":"ImageObject","inLanguage":"es","@id":"https:\/\/secure.gravatar.com\/avatar\/45b010d0734a07d6fa163753be02d78684ff4128f419d6ee0a0370de54233f1c?s=96&d=mm&r=g","url":"https:\/\/secure.gravatar.com\/avatar\/45b010d0734a07d6fa163753be02d78684ff4128f419d6ee0a0370de54233f1c?s=96&d=mm&r=g","contentUrl":"https:\/\/secure.gravatar.com\/avatar\/45b010d0734a07d6fa163753be02d78684ff4128f419d6ee0a0370de54233f1c?s=96&d=mm&r=g","caption":"siegfriedhagl"},"logo":{"@id":"https:\/\/secure.gravatar.com\/avatar\/45b010d0734a07d6fa163753be02d78684ff4128f419d6ee0a0370de54233f1c?s=96&d=mm&r=g"},"sameAs":["http:\/\/www.hagl.net"]}]}},"_links":{"self":[{"href":"https:\/\/www.siegfriedhagl.com\/es\/wp-json\/wp\/v2\/pages\/1399","targetHints":{"allow":["GET"]}}],"collection":[{"href":"https:\/\/www.siegfriedhagl.com\/es\/wp-json\/wp\/v2\/pages"}],"about":[{"href":"https:\/\/www.siegfriedhagl.com\/es\/wp-json\/wp\/v2\/types\/page"}],"author":[{"embeddable":true,"href":"https:\/\/www.siegfriedhagl.com\/es\/wp-json\/wp\/v2\/users\/1"}],"replies":[{"embeddable":true,"href":"https:\/\/www.siegfriedhagl.com\/es\/wp-json\/wp\/v2\/comments?post=1399"}],"version-history":[{"count":5,"href":"https:\/\/www.siegfriedhagl.com\/es\/wp-json\/wp\/v2\/pages\/1399\/revisions"}],"predecessor-version":[{"id":6545,"href":"https:\/\/www.siegfriedhagl.com\/es\/wp-json\/wp\/v2\/pages\/1399\/revisions\/6545"}],"wp:attachment":[{"href":"https:\/\/www.siegfriedhagl.com\/es\/wp-json\/wp\/v2\/media?parent=1399"}],"curies":[{"name":"wp","href":"https:\/\/api.w.org\/{rel}","templated":true}]}}