{"id":6546,"date":"2021-10-29T17:59:13","date_gmt":"2021-10-29T16:59:13","guid":{"rendered":"https:\/\/www.siegfriedhagl.com\/?page_id=6546"},"modified":"2021-11-01T13:30:59","modified_gmt":"2021-11-01T12:30:59","slug":"haftungsausschluss","status":"publish","type":"page","link":"https:\/\/www.siegfriedhagl.com\/en\/disclaimer\/","title":{"rendered":"Disclaimer"},"content":{"rendered":"<h1 class=\"wp-block-heading\">Disclaimer - legal notice<\/h1>\n\n\n\n<p><strong>1. limitation of liability<\/strong><br>The contents of the website were created with the greatest possible care and to the best of our knowledge. Nevertheless, the provider of this website assumes no responsibility for the timeliness, completeness and accuracy of the pages and content provided.<\/p>\n\n\n\n<p>As a service provider, the provider of this website is responsible for its own content and information provided on these pages in accordance with \u00a7 7 para. 1 TMG under the general laws; according to \u00a7\u00a7 8 to 10 TMG, however, not obliged to monitor the transmitted or stored foreign information. A removal or blocking of this content will take place immediately from the time of knowledge of a concrete infringement. Liability is only possible from the time of knowledge.<\/p>\n\n\n\n<p><strong>2. external links<\/strong><br>The website contains so-called \"external links\" (links) to other websites, on whose content the provider of the website has no influence. For this reason, the provider cannot assume any liability for these contents.<br>The respective provider of the linked website is responsible for the content and accuracy of the information provided. At the time of linking, no legal violations were apparent. If such an infringement becomes known, the link will be removed immediately.<\/p>\n\n\n\n<p><strong>3. copyright\/performance protection law<\/strong><br>The content, works and information provided on this website are subject to German copyright and ancillary copyright law. Any kind of reproduction, editing, distribution, storage and any kind of exploitation outside the limits of copyright law requires the prior written consent of the respective copyright holder. Unauthorized copying\/saving of the information provided on these web pages is not permitted and is punishable by law.<\/p>\n\n\n\n<p><strong>4. data protection<\/strong><br>By visiting the website, information (date, time, accessed page) about the access can be stored on the server. No personal data (e.g. name, address or e-mail address) is stored.<\/p>\n\n\n\n<p>Insofar as personal data is collected, this is only done, if possible, with the prior consent of the user of the website. The data will not be passed on to third parties without the express consent of the user.<\/p>\n\n\n\n<p>The provider points out that the transmission of data on the Internet (eg by e-mail) security gaps and a complete protection of data against access by third parties can not be guaranteed. The provider assumes no liability for any damage caused by such security gaps.<\/p>\n\n\n\n<p>The use of contact data by third parties for commercial use is expressly prohibited. Unless the provider has given its prior written consent.<br><br>The provider reserves the right to take legal action in the event of unsolicited advertising information being sent, e.g. by spam mails.<br><br><strong>Source<\/strong>: <a href=\"http:\/\/www.mustervorlage.net\/disclaimer-muster\/\" target=\"_blank\" rel=\"noreferrer noopener\">Sample disclaimer<\/a><\/p>","protected":false},"excerpt":{"rendered":"<p>Disclaimer \u2013 rechtliche Hinweise 1. Haftungsbeschr\u00e4nkungDie Inhalte des Internetauftritts wurden mit gr\u00f6\u00dftm\u00f6glicher Sorgfalt und nach bestem Gewissen erstellt. Dennoch \u00fcbernimmt der Anbieter dieser Webseite keine Gew\u00e4hr f\u00fcr die Aktualit\u00e4t, Vollst\u00e4ndigkeit und Richtigkeit der bereitgestellten Seiten und Inhalte. Als Diensteanbieter ist der Anbieter dieser Webseite gem\u00e4\u00df \u00a7 7 Abs. 1 TMG f\u00fcr eigene Inhalte und bereitgestellte [&hellip;]<\/p>\n","protected":false},"author":1,"featured_media":0,"parent":0,"menu_order":0,"comment_status":"closed","ping_status":"closed","template":"templates\/template-full-width.php","meta":{"footnotes":""},"class_list":["post-6546","page","type-page","status-publish","hentry"],"yoast_head":"<!-- This site is optimized with the Yoast SEO plugin v27.3 - https:\/\/yoast.com\/product\/yoast-seo-wordpress\/ -->\n<title>Haftungsausschluss &#8211; SiegfriedHagl.com<\/title>\n<meta name=\"robots\" content=\"index, follow, max-snippet:-1, max-image-preview:large, max-video-preview:-1\" \/>\n<link rel=\"canonical\" href=\"https:\/\/www.siegfriedhagl.com\/en\/disclaimer\/\" \/>\n<meta property=\"og:locale\" content=\"en_US\" \/>\n<meta property=\"og:type\" content=\"article\" \/>\n<meta property=\"og:title\" content=\"Haftungsausschluss &#8211; SiegfriedHagl.com\" \/>\n<meta property=\"og:description\" content=\"Disclaimer \u2013 rechtliche Hinweise 1. Haftungsbeschr\u00e4nkungDie Inhalte des Internetauftritts wurden mit gr\u00f6\u00dftm\u00f6glicher Sorgfalt und nach bestem Gewissen erstellt. Dennoch \u00fcbernimmt der Anbieter dieser Webseite keine Gew\u00e4hr f\u00fcr die Aktualit\u00e4t, Vollst\u00e4ndigkeit und Richtigkeit der bereitgestellten Seiten und Inhalte. Als Diensteanbieter ist der Anbieter dieser Webseite gem\u00e4\u00df \u00a7 7 Abs. 1 TMG f\u00fcr eigene Inhalte und bereitgestellte [&hellip;]\" \/>\n<meta property=\"og:url\" content=\"https:\/\/www.siegfriedhagl.com\/en\/disclaimer\/\" \/>\n<meta property=\"og:site_name\" content=\"SiegfriedHagl.com\" \/>\n<meta property=\"article:modified_time\" content=\"2021-11-01T12:30:59+00:00\" \/>\n<meta name=\"twitter:card\" content=\"summary_large_image\" \/>\n<meta name=\"twitter:label1\" content=\"Est. reading time\" \/>\n\t<meta name=\"twitter:data1\" content=\"2 minutes\" \/>\n<script type=\"application\/ld+json\" class=\"yoast-schema-graph\">{\"@context\":\"https:\\\/\\\/schema.org\",\"@graph\":[{\"@type\":\"WebPage\",\"@id\":\"https:\\\/\\\/www.siegfriedhagl.com\\\/haftungsausschluss\\\/\",\"url\":\"https:\\\/\\\/www.siegfriedhagl.com\\\/haftungsausschluss\\\/\",\"name\":\"Haftungsausschluss &#8211; SiegfriedHagl.com\",\"isPartOf\":{\"@id\":\"https:\\\/\\\/www.siegfriedhagl.com\\\/#website\"},\"datePublished\":\"2021-10-29T16:59:13+00:00\",\"dateModified\":\"2021-11-01T12:30:59+00:00\",\"breadcrumb\":{\"@id\":\"https:\\\/\\\/www.siegfriedhagl.com\\\/haftungsausschluss\\\/#breadcrumb\"},\"inLanguage\":\"en-US\",\"potentialAction\":[{\"@type\":\"ReadAction\",\"target\":[\"https:\\\/\\\/www.siegfriedhagl.com\\\/haftungsausschluss\\\/\"]}]},{\"@type\":\"BreadcrumbList\",\"@id\":\"https:\\\/\\\/www.siegfriedhagl.com\\\/haftungsausschluss\\\/#breadcrumb\",\"itemListElement\":[{\"@type\":\"ListItem\",\"position\":1,\"name\":\"Startseite\",\"item\":\"https:\\\/\\\/www.siegfriedhagl.com\\\/\"},{\"@type\":\"ListItem\",\"position\":2,\"name\":\"Haftungsausschluss\"}]},{\"@type\":\"WebSite\",\"@id\":\"https:\\\/\\\/www.siegfriedhagl.com\\\/#website\",\"url\":\"https:\\\/\\\/www.siegfriedhagl.com\\\/\",\"name\":\"SiegfriedHagl.com\",\"description\":\"Artikel und Blog von Siegfried Hagl\",\"publisher\":{\"@id\":\"https:\\\/\\\/www.siegfriedhagl.com\\\/#\\\/schema\\\/person\\\/263c4a916fa13b3e7eda58f6c8c2695f\"},\"potentialAction\":[{\"@type\":\"SearchAction\",\"target\":{\"@type\":\"EntryPoint\",\"urlTemplate\":\"https:\\\/\\\/www.siegfriedhagl.com\\\/?s={search_term_string}\"},\"query-input\":{\"@type\":\"PropertyValueSpecification\",\"valueRequired\":true,\"valueName\":\"search_term_string\"}}],\"inLanguage\":\"en-US\"},{\"@type\":[\"Person\",\"Organization\"],\"@id\":\"https:\\\/\\\/www.siegfriedhagl.com\\\/#\\\/schema\\\/person\\\/263c4a916fa13b3e7eda58f6c8c2695f\",\"name\":\"siegfriedhagl\",\"image\":{\"@type\":\"ImageObject\",\"inLanguage\":\"en-US\",\"@id\":\"https:\\\/\\\/secure.gravatar.com\\\/avatar\\\/45b010d0734a07d6fa163753be02d78684ff4128f419d6ee0a0370de54233f1c?s=96&d=mm&r=g\",\"url\":\"https:\\\/\\\/secure.gravatar.com\\\/avatar\\\/45b010d0734a07d6fa163753be02d78684ff4128f419d6ee0a0370de54233f1c?s=96&d=mm&r=g\",\"contentUrl\":\"https:\\\/\\\/secure.gravatar.com\\\/avatar\\\/45b010d0734a07d6fa163753be02d78684ff4128f419d6ee0a0370de54233f1c?s=96&d=mm&r=g\",\"caption\":\"siegfriedhagl\"},\"logo\":{\"@id\":\"https:\\\/\\\/secure.gravatar.com\\\/avatar\\\/45b010d0734a07d6fa163753be02d78684ff4128f419d6ee0a0370de54233f1c?s=96&d=mm&r=g\"},\"sameAs\":[\"http:\\\/\\\/www.hagl.net\"]}]}<\/script>\n<!-- \/ Yoast SEO plugin. -->","yoast_head_json":{"title":"Disclaimer - SiegfriedHagl.com","robots":{"index":"index","follow":"follow","max-snippet":"max-snippet:-1","max-image-preview":"max-image-preview:large","max-video-preview":"max-video-preview:-1"},"canonical":"https:\/\/www.siegfriedhagl.com\/en\/disclaimer\/","og_locale":"en_US","og_type":"article","og_title":"Haftungsausschluss &#8211; SiegfriedHagl.com","og_description":"Disclaimer \u2013 rechtliche Hinweise 1. Haftungsbeschr\u00e4nkungDie Inhalte des Internetauftritts wurden mit gr\u00f6\u00dftm\u00f6glicher Sorgfalt und nach bestem Gewissen erstellt. Dennoch \u00fcbernimmt der Anbieter dieser Webseite keine Gew\u00e4hr f\u00fcr die Aktualit\u00e4t, Vollst\u00e4ndigkeit und Richtigkeit der bereitgestellten Seiten und Inhalte. Als Diensteanbieter ist der Anbieter dieser Webseite gem\u00e4\u00df \u00a7 7 Abs. 1 TMG f\u00fcr eigene Inhalte und bereitgestellte [&hellip;]","og_url":"https:\/\/www.siegfriedhagl.com\/en\/disclaimer\/","og_site_name":"SiegfriedHagl.com","article_modified_time":"2021-11-01T12:30:59+00:00","twitter_card":"summary_large_image","twitter_misc":{"Est. reading time":"2 minutes"},"schema":{"@context":"https:\/\/schema.org","@graph":[{"@type":"WebPage","@id":"https:\/\/www.siegfriedhagl.com\/haftungsausschluss\/","url":"https:\/\/www.siegfriedhagl.com\/haftungsausschluss\/","name":"Disclaimer - SiegfriedHagl.com","isPartOf":{"@id":"https:\/\/www.siegfriedhagl.com\/#website"},"datePublished":"2021-10-29T16:59:13+00:00","dateModified":"2021-11-01T12:30:59+00:00","breadcrumb":{"@id":"https:\/\/www.siegfriedhagl.com\/haftungsausschluss\/#breadcrumb"},"inLanguage":"en-US","potentialAction":[{"@type":"ReadAction","target":["https:\/\/www.siegfriedhagl.com\/haftungsausschluss\/"]}]},{"@type":"BreadcrumbList","@id":"https:\/\/www.siegfriedhagl.com\/haftungsausschluss\/#breadcrumb","itemListElement":[{"@type":"ListItem","position":1,"name":"Startseite","item":"https:\/\/www.siegfriedhagl.com\/"},{"@type":"ListItem","position":2,"name":"Haftungsausschluss"}]},{"@type":"WebSite","@id":"https:\/\/www.siegfriedhagl.com\/#website","url":"https:\/\/www.siegfriedhagl.com\/","name":"SiegfriedHagl.com","description":"Article and blog by Siegfried Hagl","publisher":{"@id":"https:\/\/www.siegfriedhagl.com\/#\/schema\/person\/263c4a916fa13b3e7eda58f6c8c2695f"},"potentialAction":[{"@type":"SearchAction","target":{"@type":"EntryPoint","urlTemplate":"https:\/\/www.siegfriedhagl.com\/?s={search_term_string}"},"query-input":{"@type":"PropertyValueSpecification","valueRequired":true,"valueName":"search_term_string"}}],"inLanguage":"en-US"},{"@type":["Person","Organization"],"@id":"https:\/\/www.siegfriedhagl.com\/#\/schema\/person\/263c4a916fa13b3e7eda58f6c8c2695f","name":"siegfriedhagl","image":{"@type":"ImageObject","inLanguage":"en-US","@id":"https:\/\/secure.gravatar.com\/avatar\/45b010d0734a07d6fa163753be02d78684ff4128f419d6ee0a0370de54233f1c?s=96&d=mm&r=g","url":"https:\/\/secure.gravatar.com\/avatar\/45b010d0734a07d6fa163753be02d78684ff4128f419d6ee0a0370de54233f1c?s=96&d=mm&r=g","contentUrl":"https:\/\/secure.gravatar.com\/avatar\/45b010d0734a07d6fa163753be02d78684ff4128f419d6ee0a0370de54233f1c?s=96&d=mm&r=g","caption":"siegfriedhagl"},"logo":{"@id":"https:\/\/secure.gravatar.com\/avatar\/45b010d0734a07d6fa163753be02d78684ff4128f419d6ee0a0370de54233f1c?s=96&d=mm&r=g"},"sameAs":["http:\/\/www.hagl.net"]}]}},"_links":{"self":[{"href":"https:\/\/www.siegfriedhagl.com\/en\/wp-json\/wp\/v2\/pages\/6546","targetHints":{"allow":["GET"]}}],"collection":[{"href":"https:\/\/www.siegfriedhagl.com\/en\/wp-json\/wp\/v2\/pages"}],"about":[{"href":"https:\/\/www.siegfriedhagl.com\/en\/wp-json\/wp\/v2\/types\/page"}],"author":[{"embeddable":true,"href":"https:\/\/www.siegfriedhagl.com\/en\/wp-json\/wp\/v2\/users\/1"}],"replies":[{"embeddable":true,"href":"https:\/\/www.siegfriedhagl.com\/en\/wp-json\/wp\/v2\/comments?post=6546"}],"version-history":[{"count":1,"href":"https:\/\/www.siegfriedhagl.com\/en\/wp-json\/wp\/v2\/pages\/6546\/revisions"}],"predecessor-version":[{"id":6547,"href":"https:\/\/www.siegfriedhagl.com\/en\/wp-json\/wp\/v2\/pages\/6546\/revisions\/6547"}],"wp:attachment":[{"href":"https:\/\/www.siegfriedhagl.com\/en\/wp-json\/wp\/v2\/media?parent=6546"}],"curies":[{"name":"wp","href":"https:\/\/api.w.org\/{rel}","templated":true}]}}