{"id":2,"date":"2008-12-23T19:55:36","date_gmt":"2008-12-23T18:55:36","guid":{"rendered":"https:\/\/www.siegfriedhagl.com\/?page_id=2"},"modified":"2021-11-01T13:30:59","modified_gmt":"2021-11-01T12:30:59","slug":"impressum","status":"publish","type":"page","link":"https:\/\/www.siegfriedhagl.com\/en\/imprint\/","title":{"rendered":"Imprint"},"content":{"rendered":"<h2 class=\"wp-block-heading\"><strong>Information according to \u00a7 5 TMG<\/strong><\/h2>\n\n\n\n<p><strong>Operator<\/strong><br>Siegfried Hagl<br>Otilo street 27<br>82166 Gr\u00e4felfing<\/p>\n\n\n\n<p>Tel: (089) 854 28 59<br><a rel=\"noopener\" href=\"mailto:legal@siegfriedhagl.com\" target=\"_blank\">legal@siegfriedhagl.com <\/a><\/p>\n\n\n\n<p><strong>Dispute resolution<\/strong><\/p>\n\n\n\n<p>The European Commission provides a platform for online dispute resolution (OS):&nbsp;<a href=\"https:\/\/ec.europa.eu\/consumers\/odr\" target=\"_blank\" rel=\"noreferrer noopener\">https:\/\/ec.europa.eu\/consumers\/odr<\/a><br>You can find our e-mail address in the imprint above.<\/p>\n\n\n\n<p>We are not willing or obliged to participate in dispute resolution proceedings before a consumer arbitration board.<\/p>\n\n\n\n<p><strong>Liability for contents<\/strong><\/p>\n\n\n\n<p>All texts on the website have been carefully checked. Nevertheless, no guarantee can be given for the accuracy, completeness and timeliness of the information.<\/p>\n\n\n\n<p>As a service provider, we are responsible for our own content on these pages in accordance with general legislation pursuant to Section 7 (1) of the German Telemedia Act (TMG). According to \u00a7\u00a7 8 to 10 TMG, however, we are not obligated as a service provider to monitor transmitted or stored third-party information or to investigate circumstances that indicate illegal activity.<\/p>\n\n\n\n<p>Obligations to remove or block the use of information according to general laws remain unaffected. However, liability in this regard is only possible from the time of knowledge of a concrete infringement. If we become aware of such infringements, we will remove this content immediately.<\/p>\n\n\n\n<p><strong>Liability for links<\/strong><\/p>\n\n\n\n<p><strong>Links<\/strong><br>Links to this website - also to pages in depth - are welcome. However, a transfer of the main window into a frame set of the link setter is not permitted.<\/p>\n\n\n\n<p>Our own links to external sites are only signposts to these sites; we do not identify with the content of the sites to which links are provided and accept no liability for them; if any of the sites to which links are provided contain questionable or illegal content, we request to be notified.<\/p>\n\n\n\n<p>Our offer contains links to external websites of third parties, on whose contents we have no influence. Therefore, we cannot assume any liability for these external contents. The respective provider or operator of the pages is always responsible for the content of the linked pages. The linked pages were checked for possible legal violations at the time of linking. Illegal contents were not recognizable at the time of linking.<\/p>\n\n\n\n<p>However, a permanent control of the contents of the linked pages is not reasonable without concrete evidence of a violation of the law. If we become aware of any infringements, we will remove such links immediately.<\/p>\n\n\n\n<p><strong>Copyright<\/strong><\/p>\n\n\n\n<p>The content and works created by the site operators on these pages are subject to German copyright law. The reproduction, editing, distribution and any kind of exploitation outside the limits of copyright require the written consent of the respective author or creator. Downloads and copies of this site are only permitted for private, non-commercial use.<\/p>\n\n\n\n<p>Insofar as the content on this page was not created by the operator, the copyrights of third parties are respected. In particular, third-party content is identified as such. Should you nevertheless become aware of a copyright infringement, we request that you notify us accordingly. If we become aware of any infringements, we will remove such content immediately.<\/p>","protected":false},"excerpt":{"rendered":"<p>Angaben gem\u00e4\u00df \u00a7 5 TMG BetreiberSiegfried HaglOtilostra\u00dfe 2782166 Gr\u00e4felfing Tel: (089) 854 28 59legal@siegfriedhagl.com Streitschlichtung Die Europ\u00e4ische Kommission stellt eine Plattform zur Online-Streitbeilegung (OS) bereit:&nbsp;https:\/\/ec.europa.eu\/consumers\/odrUnsere E-Mail-Adresse finden Sie oben im Impressum. Wir sind nicht bereit oder verpflichtet, an Streitbeilegungsverfahren vor einer Verbraucherschlichtungsstelle teilzunehmen. Haftung f\u00fcr Inhalte S\u00e4mtliche Texte auf der Website wurden sorgf\u00e4ltig gepr\u00fcft. Dessen [&hellip;]<\/p>\n","protected":false},"author":1,"featured_media":0,"parent":0,"menu_order":900,"comment_status":"closed","ping_status":"open","template":"templates\/template-full-width.php","meta":{"footnotes":""},"class_list":["post-2","page","type-page","status-publish","hentry"],"yoast_head":"<!-- This site is optimized with the Yoast SEO plugin v27.5 - https:\/\/yoast.com\/product\/yoast-seo-wordpress\/ -->\n<title>Impressum &#8211; SiegfriedHagl.com<\/title>\n<meta name=\"robots\" content=\"index, follow, max-snippet:-1, max-image-preview:large, max-video-preview:-1\" \/>\n<link rel=\"canonical\" href=\"https:\/\/www.siegfriedhagl.com\/en\/imprint\/\" \/>\n<meta property=\"og:locale\" content=\"en_US\" \/>\n<meta property=\"og:type\" content=\"article\" \/>\n<meta property=\"og:title\" content=\"Impressum &#8211; SiegfriedHagl.com\" \/>\n<meta property=\"og:description\" content=\"Angaben gem\u00e4\u00df \u00a7 5 TMG BetreiberSiegfried HaglOtilostra\u00dfe 2782166 Gr\u00e4felfing Tel: (089) 854 28 59legal@siegfriedhagl.com Streitschlichtung Die Europ\u00e4ische Kommission stellt eine Plattform zur Online-Streitbeilegung (OS) bereit:&nbsp;https:\/\/ec.europa.eu\/consumers\/odrUnsere E-Mail-Adresse finden Sie oben im Impressum. Wir sind nicht bereit oder verpflichtet, an Streitbeilegungsverfahren vor einer Verbraucherschlichtungsstelle teilzunehmen. Haftung f\u00fcr Inhalte S\u00e4mtliche Texte auf der Website wurden sorgf\u00e4ltig gepr\u00fcft. Dessen [&hellip;]\" \/>\n<meta property=\"og:url\" content=\"https:\/\/www.siegfriedhagl.com\/en\/imprint\/\" \/>\n<meta property=\"og:site_name\" content=\"SiegfriedHagl.com\" \/>\n<meta property=\"article:modified_time\" content=\"2021-11-01T12:30:59+00:00\" \/>\n<meta name=\"twitter:card\" content=\"summary_large_image\" \/>\n<meta name=\"twitter:label1\" content=\"Est. reading time\" \/>\n\t<meta name=\"twitter:data1\" content=\"2 minutes\" \/>\n<script type=\"application\/ld+json\" class=\"yoast-schema-graph\">{\"@context\":\"https:\\\/\\\/schema.org\",\"@graph\":[{\"@type\":\"WebPage\",\"@id\":\"https:\\\/\\\/www.siegfriedhagl.com\\\/impressum\\\/\",\"url\":\"https:\\\/\\\/www.siegfriedhagl.com\\\/impressum\\\/\",\"name\":\"Impressum &#8211; SiegfriedHagl.com\",\"isPartOf\":{\"@id\":\"https:\\\/\\\/www.siegfriedhagl.com\\\/#website\"},\"datePublished\":\"2008-12-23T18:55:36+00:00\",\"dateModified\":\"2021-11-01T12:30:59+00:00\",\"breadcrumb\":{\"@id\":\"https:\\\/\\\/www.siegfriedhagl.com\\\/impressum\\\/#breadcrumb\"},\"inLanguage\":\"en-US\",\"potentialAction\":[{\"@type\":\"ReadAction\",\"target\":[\"https:\\\/\\\/www.siegfriedhagl.com\\\/impressum\\\/\"]}]},{\"@type\":\"BreadcrumbList\",\"@id\":\"https:\\\/\\\/www.siegfriedhagl.com\\\/impressum\\\/#breadcrumb\",\"itemListElement\":[{\"@type\":\"ListItem\",\"position\":1,\"name\":\"Startseite\",\"item\":\"https:\\\/\\\/www.siegfriedhagl.com\\\/\"},{\"@type\":\"ListItem\",\"position\":2,\"name\":\"Impressum\"}]},{\"@type\":\"WebSite\",\"@id\":\"https:\\\/\\\/www.siegfriedhagl.com\\\/#website\",\"url\":\"https:\\\/\\\/www.siegfriedhagl.com\\\/\",\"name\":\"SiegfriedHagl.com\",\"description\":\"Artikel und Blog von Siegfried Hagl\",\"publisher\":{\"@id\":\"https:\\\/\\\/www.siegfriedhagl.com\\\/#\\\/schema\\\/person\\\/263c4a916fa13b3e7eda58f6c8c2695f\"},\"potentialAction\":[{\"@type\":\"SearchAction\",\"target\":{\"@type\":\"EntryPoint\",\"urlTemplate\":\"https:\\\/\\\/www.siegfriedhagl.com\\\/?s={search_term_string}\"},\"query-input\":{\"@type\":\"PropertyValueSpecification\",\"valueRequired\":true,\"valueName\":\"search_term_string\"}}],\"inLanguage\":\"en-US\"},{\"@type\":[\"Person\",\"Organization\"],\"@id\":\"https:\\\/\\\/www.siegfriedhagl.com\\\/#\\\/schema\\\/person\\\/263c4a916fa13b3e7eda58f6c8c2695f\",\"name\":\"siegfriedhagl\",\"image\":{\"@type\":\"ImageObject\",\"inLanguage\":\"en-US\",\"@id\":\"https:\\\/\\\/secure.gravatar.com\\\/avatar\\\/45b010d0734a07d6fa163753be02d78684ff4128f419d6ee0a0370de54233f1c?s=96&d=mm&r=g\",\"url\":\"https:\\\/\\\/secure.gravatar.com\\\/avatar\\\/45b010d0734a07d6fa163753be02d78684ff4128f419d6ee0a0370de54233f1c?s=96&d=mm&r=g\",\"contentUrl\":\"https:\\\/\\\/secure.gravatar.com\\\/avatar\\\/45b010d0734a07d6fa163753be02d78684ff4128f419d6ee0a0370de54233f1c?s=96&d=mm&r=g\",\"caption\":\"siegfriedhagl\"},\"logo\":{\"@id\":\"https:\\\/\\\/secure.gravatar.com\\\/avatar\\\/45b010d0734a07d6fa163753be02d78684ff4128f419d6ee0a0370de54233f1c?s=96&d=mm&r=g\"},\"sameAs\":[\"http:\\\/\\\/www.hagl.net\"]}]}<\/script>\n<!-- \/ Yoast SEO plugin. -->","yoast_head_json":{"title":"Imprint - SiegfriedHagl.com","robots":{"index":"index","follow":"follow","max-snippet":"max-snippet:-1","max-image-preview":"max-image-preview:large","max-video-preview":"max-video-preview:-1"},"canonical":"https:\/\/www.siegfriedhagl.com\/en\/imprint\/","og_locale":"en_US","og_type":"article","og_title":"Impressum &#8211; SiegfriedHagl.com","og_description":"Angaben gem\u00e4\u00df \u00a7 5 TMG BetreiberSiegfried HaglOtilostra\u00dfe 2782166 Gr\u00e4felfing Tel: (089) 854 28 59legal@siegfriedhagl.com Streitschlichtung Die Europ\u00e4ische Kommission stellt eine Plattform zur Online-Streitbeilegung (OS) bereit:&nbsp;https:\/\/ec.europa.eu\/consumers\/odrUnsere E-Mail-Adresse finden Sie oben im Impressum. Wir sind nicht bereit oder verpflichtet, an Streitbeilegungsverfahren vor einer Verbraucherschlichtungsstelle teilzunehmen. Haftung f\u00fcr Inhalte S\u00e4mtliche Texte auf der Website wurden sorgf\u00e4ltig gepr\u00fcft. Dessen [&hellip;]","og_url":"https:\/\/www.siegfriedhagl.com\/en\/imprint\/","og_site_name":"SiegfriedHagl.com","article_modified_time":"2021-11-01T12:30:59+00:00","twitter_card":"summary_large_image","twitter_misc":{"Est. reading time":"2 minutes"},"schema":{"@context":"https:\/\/schema.org","@graph":[{"@type":"WebPage","@id":"https:\/\/www.siegfriedhagl.com\/impressum\/","url":"https:\/\/www.siegfriedhagl.com\/impressum\/","name":"Imprint - SiegfriedHagl.com","isPartOf":{"@id":"https:\/\/www.siegfriedhagl.com\/#website"},"datePublished":"2008-12-23T18:55:36+00:00","dateModified":"2021-11-01T12:30:59+00:00","breadcrumb":{"@id":"https:\/\/www.siegfriedhagl.com\/impressum\/#breadcrumb"},"inLanguage":"en-US","potentialAction":[{"@type":"ReadAction","target":["https:\/\/www.siegfriedhagl.com\/impressum\/"]}]},{"@type":"BreadcrumbList","@id":"https:\/\/www.siegfriedhagl.com\/impressum\/#breadcrumb","itemListElement":[{"@type":"ListItem","position":1,"name":"Startseite","item":"https:\/\/www.siegfriedhagl.com\/"},{"@type":"ListItem","position":2,"name":"Impressum"}]},{"@type":"WebSite","@id":"https:\/\/www.siegfriedhagl.com\/#website","url":"https:\/\/www.siegfriedhagl.com\/","name":"SiegfriedHagl.com","description":"Article and blog by Siegfried Hagl","publisher":{"@id":"https:\/\/www.siegfriedhagl.com\/#\/schema\/person\/263c4a916fa13b3e7eda58f6c8c2695f"},"potentialAction":[{"@type":"SearchAction","target":{"@type":"EntryPoint","urlTemplate":"https:\/\/www.siegfriedhagl.com\/?s={search_term_string}"},"query-input":{"@type":"PropertyValueSpecification","valueRequired":true,"valueName":"search_term_string"}}],"inLanguage":"en-US"},{"@type":["Person","Organization"],"@id":"https:\/\/www.siegfriedhagl.com\/#\/schema\/person\/263c4a916fa13b3e7eda58f6c8c2695f","name":"siegfriedhagl","image":{"@type":"ImageObject","inLanguage":"en-US","@id":"https:\/\/secure.gravatar.com\/avatar\/45b010d0734a07d6fa163753be02d78684ff4128f419d6ee0a0370de54233f1c?s=96&d=mm&r=g","url":"https:\/\/secure.gravatar.com\/avatar\/45b010d0734a07d6fa163753be02d78684ff4128f419d6ee0a0370de54233f1c?s=96&d=mm&r=g","contentUrl":"https:\/\/secure.gravatar.com\/avatar\/45b010d0734a07d6fa163753be02d78684ff4128f419d6ee0a0370de54233f1c?s=96&d=mm&r=g","caption":"siegfriedhagl"},"logo":{"@id":"https:\/\/secure.gravatar.com\/avatar\/45b010d0734a07d6fa163753be02d78684ff4128f419d6ee0a0370de54233f1c?s=96&d=mm&r=g"},"sameAs":["http:\/\/www.hagl.net"]}]}},"_links":{"self":[{"href":"https:\/\/www.siegfriedhagl.com\/en\/wp-json\/wp\/v2\/pages\/2","targetHints":{"allow":["GET"]}}],"collection":[{"href":"https:\/\/www.siegfriedhagl.com\/en\/wp-json\/wp\/v2\/pages"}],"about":[{"href":"https:\/\/www.siegfriedhagl.com\/en\/wp-json\/wp\/v2\/types\/page"}],"author":[{"embeddable":true,"href":"https:\/\/www.siegfriedhagl.com\/en\/wp-json\/wp\/v2\/users\/1"}],"replies":[{"embeddable":true,"href":"https:\/\/www.siegfriedhagl.com\/en\/wp-json\/wp\/v2\/comments?post=2"}],"version-history":[{"count":8,"href":"https:\/\/www.siegfriedhagl.com\/en\/wp-json\/wp\/v2\/pages\/2\/revisions"}],"predecessor-version":[{"id":6550,"href":"https:\/\/www.siegfriedhagl.com\/en\/wp-json\/wp\/v2\/pages\/2\/revisions\/6550"}],"wp:attachment":[{"href":"https:\/\/www.siegfriedhagl.com\/en\/wp-json\/wp\/v2\/media?parent=2"}],"curies":[{"name":"wp","href":"https:\/\/api.w.org\/{rel}","templated":true}]}}