{"id":1399,"date":"2009-12-02T23:47:11","date_gmt":"2009-12-02T22:47:11","guid":{"rendered":"https:\/\/www.siegfriedhagl.com\/?page_id=1399"},"modified":"2021-11-01T13:30:59","modified_gmt":"2021-11-01T12:30:59","slug":"datenschutzerklaerung","status":"publish","type":"page","link":"https:\/\/www.siegfriedhagl.com\/en\/privacy-statement\/","title":{"rendered":"Privacy"},"content":{"rendered":"<h2 class=\"wp-block-heading\"><strong>Privacy policy<\/strong><\/h2>\n\n\n\n<p>Responsible in the sense of the data protection act:<\/p>\n\n\n\n<p>Siegfried Hagl<br>Otilo street 27<br>82166 Gr\u00e4felfing<br>legal@siegfriedhagl.com<\/p>\n\n\n\n<p><strong>Privacy<\/strong><\/p>\n\n\n\n<p>As a website operator, we take the protection of all personal data very seriously. All personal information is treated confidentially and in accordance with the legal requirements, as explained in this privacy policy.<\/p>\n\n\n\n<p>Our website can of course be used without you providing any personal data. However, if at any time personal data such as name, address or e-mail is requested, this will be done on a voluntary basis. Never will data collected by us be passed on to third parties without your specific permission.<\/p>\n\n\n\n<p>Data transmission on the Internet, such as via e-mail, can always have security gaps. The complete protection of data is not possible on the Internet.<\/p>\n\n\n\n<p><strong>Information, deletion, blocking<\/strong><\/p>\n\n\n\n<p>At any time, you can inform yourself about the personal data, its origin and recipient and the benefit of the data processing and request free of charge a correction, blocking or deletion of this data. Please use the contact channels indicated in the imprint for this purpose. We are also available at any time for further questions on this topic.<\/p>\n\n\n\n<p><strong>Server log files<\/strong><\/p>\n\n\n\n<p>The site provider automatically collects and stores data in server log files that are transmitted to us by your browser. This data contains:<\/p>\n\n\n\n<ul class=\"wp-block-list\"><li>Browser type\/ browser version<\/li><li>Operating system of the computer<\/li><li>Referrer URL<\/li><li>Host name of the accessing computer<\/li><li>Time of the server request<\/li><\/ul>\n\n\n\n<p>These data are not personal. This data is not merged with other data sources. If we become aware of concrete indications of illegal use, we reserve the right to check this data retrospectively.<\/p>\n\n\n\n<p><strong>Cookies<\/strong><\/p>\n\n\n\n<p>Many Internet sites use cookies. Cookies are harmless to your computer and virus-free. They are used to make Internet offers available to the visitors of a <a href=\"https:\/\/xn--datenschutzerklrungmuster-zec.de\/\" target=\"_blank\" rel=\"noreferrer noopener\"><\/a> more friendly, effective and secure. Cookies are small text files that are stored on your computer and used by your browser.<\/p>\n\n\n\n<p>We usually use so-called \"session cookies\". These are automatically deleted after you leave our site. Other cookies remain stored on your computer until you delete them. These cookies help to recognize your computer on your next visit.<\/p>\n\n\n\n<p>You can use the browser settings to specify that you are informed about new cookies and that you must accept cookies in each case. Likewise, you can exclude the acceptance of cookies for certain cases or generally or activate the automatic deletion of cookies when closing the browser. If cookies are deactivated, the functionality of our website may be limited.<\/p>\n\n\n\n<p><strong>Amendment of the privacy policy<\/strong><\/p>\n\n\n\n<p>Our privacy policy may be amended at irregular intervals to comply with current legal requirements or to implement changes to our services, e.g. when new offers are added. The new privacy policy will then automatically apply to your next visit. <strong>Privacy policy<\/strong>.<\/p>\n\n\n\n<p><strong>Contact the data protection officer<\/strong><\/p>\n\n\n\n<p>For questions about privacy, please send us a message at legal@bmi.expert with \"Privacy\" in the subject line.<\/p>\n\n\n\n<p>This cancellation policy was created by datenschutzerkl\u00e4rungmuster.de.<\/p>","protected":false},"excerpt":{"rendered":"<p>Datenschutzerkl\u00e4rung Verantwortlich im Sinne der Datenschutzgesetzes: Siegfried HaglOtilostra\u00dfe 2782166 Gr\u00e4felfinglegal@siegfriedhagl.com Datenschutz Als Webseitenbetreiber nehmen wir den Schutz aller pers\u00f6nlichen Daten sehr ernst. Alle personenbezogenen Informationen werden vertraulich und gem\u00e4\u00df den gesetzlichen Vorschriften behandelt, wie in dieser Datenschutzerkl\u00e4rung erl\u00e4utert. Unserer Webseite kann selbstverst\u00e4ndlich genutzt werden, ohne dass Sie pers\u00f6nliche Daten angeben. Wenn jedoch zu irgendeinem Zeitpunkt [&hellip;]<\/p>\n","protected":false},"author":1,"featured_media":0,"parent":0,"menu_order":99999,"comment_status":"closed","ping_status":"open","template":"templates\/template-full-width.php","meta":{"footnotes":""},"class_list":["post-1399","page","type-page","status-publish","hentry"],"yoast_head":"<!-- This site is optimized with the Yoast SEO plugin v27.5 - https:\/\/yoast.com\/product\/yoast-seo-wordpress\/ -->\n<title>Datenschutz &#8211; SiegfriedHagl.com<\/title>\n<meta name=\"robots\" content=\"index, follow, max-snippet:-1, max-image-preview:large, max-video-preview:-1\" \/>\n<link rel=\"canonical\" href=\"https:\/\/www.siegfriedhagl.com\/en\/privacy-statement\/\" \/>\n<meta property=\"og:locale\" content=\"en_US\" \/>\n<meta property=\"og:type\" content=\"article\" \/>\n<meta property=\"og:title\" content=\"Datenschutz &#8211; SiegfriedHagl.com\" \/>\n<meta property=\"og:description\" content=\"Datenschutzerkl\u00e4rung Verantwortlich im Sinne der Datenschutzgesetzes: Siegfried HaglOtilostra\u00dfe 2782166 Gr\u00e4felfinglegal@siegfriedhagl.com Datenschutz Als Webseitenbetreiber nehmen wir den Schutz aller pers\u00f6nlichen Daten sehr ernst. Alle personenbezogenen Informationen werden vertraulich und gem\u00e4\u00df den gesetzlichen Vorschriften behandelt, wie in dieser Datenschutzerkl\u00e4rung erl\u00e4utert. Unserer Webseite kann selbstverst\u00e4ndlich genutzt werden, ohne dass Sie pers\u00f6nliche Daten angeben. Wenn jedoch zu irgendeinem Zeitpunkt [&hellip;]\" \/>\n<meta property=\"og:url\" content=\"https:\/\/www.siegfriedhagl.com\/en\/privacy-statement\/\" \/>\n<meta property=\"og:site_name\" content=\"SiegfriedHagl.com\" \/>\n<meta property=\"article:modified_time\" content=\"2021-11-01T12:30:59+00:00\" \/>\n<meta name=\"twitter:card\" content=\"summary_large_image\" \/>\n<meta name=\"twitter:label1\" content=\"Est. reading time\" \/>\n\t<meta name=\"twitter:data1\" content=\"2 minutes\" \/>\n<script type=\"application\/ld+json\" class=\"yoast-schema-graph\">{\"@context\":\"https:\\\/\\\/schema.org\",\"@graph\":[{\"@type\":\"WebPage\",\"@id\":\"https:\\\/\\\/www.siegfriedhagl.com\\\/datenschutzerklaerung\\\/\",\"url\":\"https:\\\/\\\/www.siegfriedhagl.com\\\/datenschutzerklaerung\\\/\",\"name\":\"Datenschutz &#8211; SiegfriedHagl.com\",\"isPartOf\":{\"@id\":\"https:\\\/\\\/www.siegfriedhagl.com\\\/#website\"},\"datePublished\":\"2009-12-02T22:47:11+00:00\",\"dateModified\":\"2021-11-01T12:30:59+00:00\",\"breadcrumb\":{\"@id\":\"https:\\\/\\\/www.siegfriedhagl.com\\\/datenschutzerklaerung\\\/#breadcrumb\"},\"inLanguage\":\"en-US\",\"potentialAction\":[{\"@type\":\"ReadAction\",\"target\":[\"https:\\\/\\\/www.siegfriedhagl.com\\\/datenschutzerklaerung\\\/\"]}]},{\"@type\":\"BreadcrumbList\",\"@id\":\"https:\\\/\\\/www.siegfriedhagl.com\\\/datenschutzerklaerung\\\/#breadcrumb\",\"itemListElement\":[{\"@type\":\"ListItem\",\"position\":1,\"name\":\"Startseite\",\"item\":\"https:\\\/\\\/www.siegfriedhagl.com\\\/\"},{\"@type\":\"ListItem\",\"position\":2,\"name\":\"Datenschutz\"}]},{\"@type\":\"WebSite\",\"@id\":\"https:\\\/\\\/www.siegfriedhagl.com\\\/#website\",\"url\":\"https:\\\/\\\/www.siegfriedhagl.com\\\/\",\"name\":\"SiegfriedHagl.com\",\"description\":\"Artikel und Blog von Siegfried Hagl\",\"publisher\":{\"@id\":\"https:\\\/\\\/www.siegfriedhagl.com\\\/#\\\/schema\\\/person\\\/263c4a916fa13b3e7eda58f6c8c2695f\"},\"potentialAction\":[{\"@type\":\"SearchAction\",\"target\":{\"@type\":\"EntryPoint\",\"urlTemplate\":\"https:\\\/\\\/www.siegfriedhagl.com\\\/?s={search_term_string}\"},\"query-input\":{\"@type\":\"PropertyValueSpecification\",\"valueRequired\":true,\"valueName\":\"search_term_string\"}}],\"inLanguage\":\"en-US\"},{\"@type\":[\"Person\",\"Organization\"],\"@id\":\"https:\\\/\\\/www.siegfriedhagl.com\\\/#\\\/schema\\\/person\\\/263c4a916fa13b3e7eda58f6c8c2695f\",\"name\":\"siegfriedhagl\",\"image\":{\"@type\":\"ImageObject\",\"inLanguage\":\"en-US\",\"@id\":\"https:\\\/\\\/secure.gravatar.com\\\/avatar\\\/45b010d0734a07d6fa163753be02d78684ff4128f419d6ee0a0370de54233f1c?s=96&d=mm&r=g\",\"url\":\"https:\\\/\\\/secure.gravatar.com\\\/avatar\\\/45b010d0734a07d6fa163753be02d78684ff4128f419d6ee0a0370de54233f1c?s=96&d=mm&r=g\",\"contentUrl\":\"https:\\\/\\\/secure.gravatar.com\\\/avatar\\\/45b010d0734a07d6fa163753be02d78684ff4128f419d6ee0a0370de54233f1c?s=96&d=mm&r=g\",\"caption\":\"siegfriedhagl\"},\"logo\":{\"@id\":\"https:\\\/\\\/secure.gravatar.com\\\/avatar\\\/45b010d0734a07d6fa163753be02d78684ff4128f419d6ee0a0370de54233f1c?s=96&d=mm&r=g\"},\"sameAs\":[\"http:\\\/\\\/www.hagl.net\"]}]}<\/script>\n<!-- \/ Yoast SEO plugin. -->","yoast_head_json":{"title":"Data protection - SiegfriedHagl.com","robots":{"index":"index","follow":"follow","max-snippet":"max-snippet:-1","max-image-preview":"max-image-preview:large","max-video-preview":"max-video-preview:-1"},"canonical":"https:\/\/www.siegfriedhagl.com\/en\/privacy-statement\/","og_locale":"en_US","og_type":"article","og_title":"Datenschutz &#8211; SiegfriedHagl.com","og_description":"Datenschutzerkl\u00e4rung Verantwortlich im Sinne der Datenschutzgesetzes: Siegfried HaglOtilostra\u00dfe 2782166 Gr\u00e4felfinglegal@siegfriedhagl.com Datenschutz Als Webseitenbetreiber nehmen wir den Schutz aller pers\u00f6nlichen Daten sehr ernst. Alle personenbezogenen Informationen werden vertraulich und gem\u00e4\u00df den gesetzlichen Vorschriften behandelt, wie in dieser Datenschutzerkl\u00e4rung erl\u00e4utert. Unserer Webseite kann selbstverst\u00e4ndlich genutzt werden, ohne dass Sie pers\u00f6nliche Daten angeben. Wenn jedoch zu irgendeinem Zeitpunkt [&hellip;]","og_url":"https:\/\/www.siegfriedhagl.com\/en\/privacy-statement\/","og_site_name":"SiegfriedHagl.com","article_modified_time":"2021-11-01T12:30:59+00:00","twitter_card":"summary_large_image","twitter_misc":{"Est. reading time":"2 minutes"},"schema":{"@context":"https:\/\/schema.org","@graph":[{"@type":"WebPage","@id":"https:\/\/www.siegfriedhagl.com\/datenschutzerklaerung\/","url":"https:\/\/www.siegfriedhagl.com\/datenschutzerklaerung\/","name":"Data protection - SiegfriedHagl.com","isPartOf":{"@id":"https:\/\/www.siegfriedhagl.com\/#website"},"datePublished":"2009-12-02T22:47:11+00:00","dateModified":"2021-11-01T12:30:59+00:00","breadcrumb":{"@id":"https:\/\/www.siegfriedhagl.com\/datenschutzerklaerung\/#breadcrumb"},"inLanguage":"en-US","potentialAction":[{"@type":"ReadAction","target":["https:\/\/www.siegfriedhagl.com\/datenschutzerklaerung\/"]}]},{"@type":"BreadcrumbList","@id":"https:\/\/www.siegfriedhagl.com\/datenschutzerklaerung\/#breadcrumb","itemListElement":[{"@type":"ListItem","position":1,"name":"Startseite","item":"https:\/\/www.siegfriedhagl.com\/"},{"@type":"ListItem","position":2,"name":"Datenschutz"}]},{"@type":"WebSite","@id":"https:\/\/www.siegfriedhagl.com\/#website","url":"https:\/\/www.siegfriedhagl.com\/","name":"SiegfriedHagl.com","description":"Article and blog by Siegfried Hagl","publisher":{"@id":"https:\/\/www.siegfriedhagl.com\/#\/schema\/person\/263c4a916fa13b3e7eda58f6c8c2695f"},"potentialAction":[{"@type":"SearchAction","target":{"@type":"EntryPoint","urlTemplate":"https:\/\/www.siegfriedhagl.com\/?s={search_term_string}"},"query-input":{"@type":"PropertyValueSpecification","valueRequired":true,"valueName":"search_term_string"}}],"inLanguage":"en-US"},{"@type":["Person","Organization"],"@id":"https:\/\/www.siegfriedhagl.com\/#\/schema\/person\/263c4a916fa13b3e7eda58f6c8c2695f","name":"siegfriedhagl","image":{"@type":"ImageObject","inLanguage":"en-US","@id":"https:\/\/secure.gravatar.com\/avatar\/45b010d0734a07d6fa163753be02d78684ff4128f419d6ee0a0370de54233f1c?s=96&d=mm&r=g","url":"https:\/\/secure.gravatar.com\/avatar\/45b010d0734a07d6fa163753be02d78684ff4128f419d6ee0a0370de54233f1c?s=96&d=mm&r=g","contentUrl":"https:\/\/secure.gravatar.com\/avatar\/45b010d0734a07d6fa163753be02d78684ff4128f419d6ee0a0370de54233f1c?s=96&d=mm&r=g","caption":"siegfriedhagl"},"logo":{"@id":"https:\/\/secure.gravatar.com\/avatar\/45b010d0734a07d6fa163753be02d78684ff4128f419d6ee0a0370de54233f1c?s=96&d=mm&r=g"},"sameAs":["http:\/\/www.hagl.net"]}]}},"_links":{"self":[{"href":"https:\/\/www.siegfriedhagl.com\/en\/wp-json\/wp\/v2\/pages\/1399","targetHints":{"allow":["GET"]}}],"collection":[{"href":"https:\/\/www.siegfriedhagl.com\/en\/wp-json\/wp\/v2\/pages"}],"about":[{"href":"https:\/\/www.siegfriedhagl.com\/en\/wp-json\/wp\/v2\/types\/page"}],"author":[{"embeddable":true,"href":"https:\/\/www.siegfriedhagl.com\/en\/wp-json\/wp\/v2\/users\/1"}],"replies":[{"embeddable":true,"href":"https:\/\/www.siegfriedhagl.com\/en\/wp-json\/wp\/v2\/comments?post=1399"}],"version-history":[{"count":5,"href":"https:\/\/www.siegfriedhagl.com\/en\/wp-json\/wp\/v2\/pages\/1399\/revisions"}],"predecessor-version":[{"id":6545,"href":"https:\/\/www.siegfriedhagl.com\/en\/wp-json\/wp\/v2\/pages\/1399\/revisions\/6545"}],"wp:attachment":[{"href":"https:\/\/www.siegfriedhagl.com\/en\/wp-json\/wp\/v2\/media?parent=1399"}],"curies":[{"name":"wp","href":"https:\/\/api.w.org\/{rel}","templated":true}]}}